{"id":13,"date":"2018-02-14T18:10:57","date_gmt":"2018-02-14T18:10:57","guid":{"rendered":"http:\/\/www.csepelivaroskep.hu\/galeria\/?page_id=13"},"modified":"2018-05-24T14:03:29","modified_gmt":"2018-05-24T14:03:29","slug":"kapcsolat","status":"publish","type":"page","link":"https:\/\/www.csepelivaroskep.hu\/galeria\/kapcsolat\/","title":{"rendered":"Kapcsolat"},"content":{"rendered":"\t\t<div data-elementor-type=\"wp-post\" data-elementor-id=\"13\" class=\"elementor elementor-13 elementor-bc-flex-widget\">\n\t\t\t\t\t\t<div class=\"elementor-inner\">\n\t\t\t\t<div class=\"elementor-section-wrap\">\n\t\t\t\t\t\t\t\t\t<section class=\"elementor-section elementor-top-section elementor-element elementor-element-26038108 elementor-section-boxed elementor-section-height-default elementor-section-height-default\" data-id=\"26038108\" data-element_type=\"section\">\n\t\t\t\t\t\t<div class=\"elementor-container elementor-column-gap-default\">\n\t\t\t\t\t\t\t<div class=\"elementor-row\">\n\t\t\t\t\t<div class=\"elementor-column elementor-col-100 elementor-top-column elementor-element elementor-element-516a12bb\" data-id=\"516a12bb\" data-element_type=\"column\">\n\t\t\t<div class=\"elementor-column-wrap elementor-element-populated\">\n\t\t\t\t\t\t\t<div class=\"elementor-widget-wrap\">\n\t\t\t\t\t\t<section class=\"elementor-section elementor-inner-section elementor-element elementor-element-4eda5a78 elementor-section-height-min-height elementor-section-boxed elementor-section-height-default\" data-id=\"4eda5a78\" data-element_type=\"section\">\n\t\t\t\t\t\t<div class=\"elementor-container elementor-column-gap-default\">\n\t\t\t\t\t\t\t<div class=\"elementor-row\">\n\t\t\t\t\t<div class=\"elementor-column elementor-col-33 elementor-inner-column elementor-element elementor-element-29d3f6a7\" data-id=\"29d3f6a7\" data-element_type=\"column\">\n\t\t\t<div class=\"elementor-column-wrap elementor-element-populated\">\n\t\t\t\t\t\t\t<div class=\"elementor-widget-wrap\">\n\t\t\t\t\t\t<div class=\"elementor-element elementor-element-37dcde04 elementor-widget elementor-widget-heading\" data-id=\"37dcde04\" data-element_type=\"widget\" data-widget_type=\"heading.default\">\n\t\t\t\t<div class=\"elementor-widget-container\">\n\t\t\t<h2 class=\"elementor-heading-title elementor-size-default\">El\u00e9rhet\u0151s\u00e9gek<\/h2>\t\t<\/div>\n\t\t\t\t<\/div>\n\t\t\t\t<div class=\"elementor-element elementor-element-1618ef6c elementor-widget elementor-widget-text-editor\" data-id=\"1618ef6c\" data-element_type=\"widget\" data-widget_type=\"text-editor.default\">\n\t\t\t\t<div class=\"elementor-widget-container\">\n\t\t\t\t\t\t\t\t<div class=\"elementor-text-editor elementor-clearfix\">\n\t\t\t\t<p>Csepel Gal\u00e9ria<br \/>1215 Budapest,<br \/>Csete Bal\u00e1zs u. 15.<\/p><p>Tel: <a href=\"tel:+3612780711\">+36 1 278-0711<\/a><\/p><p>Email: <a href=\"mailto:csepelgaleria@gmail.com\">csepelgaleria@gmail.com<\/a><\/p>\t\t\t\t\t<\/div>\n\t\t\t\t\t\t<\/div>\n\t\t\t\t<\/div>\n\t\t\t\t<div class=\"elementor-element elementor-element-5b54741 elementor-widget elementor-widget-wp-widget-fbw_id\" data-id=\"5b54741\" data-element_type=\"widget\" data-widget_type=\"wp-widget-fbw_id.default\">\n\t\t\t\t<div class=\"elementor-widget-container\">\n\t\t\t<h5>K\u00f6vessen minket Facebookon<\/h5>        <div class=\"fb-widget-container\" style=\"position: relative; min-height: 500px;\">\n            <div class=\"fb_loader\" style=\"text-align: center !important;\">\n                <img src=\"https:\/\/www.csepelivaroskep.hu\/galeria\/wp-content\/plugins\/facebook-pagelike-widget\/assets\/images\/loader.gif\" alt=\"Loading...\" \/>\n            <\/div>\n\n            <div id=\"fb-root\"><\/div>\n            <div class=\"fb-page\"\n                data-href=\"https:\/\/www.facebook.com\/csepelgaleria\/\"\n                data-width=\"300\"\n                data-height=\"500\"\n                data-small-header=\"true\"\n                data-adapt-container-width=\"true\"\n                data-hide-cover=\"false\"\n                data-show-facepile=\"false\"\n                data-tabs=\"timeline\"\n                data-lazy=\"false\"\n                data-xfbml-parse-ignore=\"false\">\n            <\/div>\n        <\/div>\n        \t\t<\/div>\n\t\t\t\t<\/div>\n\t\t\t\t\t\t<\/div>\n\t\t\t\t\t<\/div>\n\t\t<\/div>\n\t\t\t\t<div class=\"elementor-column elementor-col-66 elementor-inner-column elementor-element elementor-element-59b9778e\" data-id=\"59b9778e\" data-element_type=\"column\">\n\t\t\t<div class=\"elementor-column-wrap elementor-element-populated\">\n\t\t\t\t\t\t\t<div class=\"elementor-widget-wrap\">\n\t\t\t\t\t\t<div class=\"elementor-element elementor-element-f39156d elementor-widget elementor-widget-google_maps\" data-id=\"f39156d\" data-element_type=\"widget\" data-widget_type=\"google_maps.default\">\n\t\t\t\t<div class=\"elementor-widget-container\">\n\t\t\t\t\t<div class=\"elementor-custom-embed\">\n\t\t\t<iframe loading=\"lazy\"\n\t\t\t\t\tsrc=\"https:\/\/maps.google.com\/maps?q=Budapest%2C%20Csete%20Bal%C3%A1zs%20u.%2015.&#038;t=m&#038;z=15&#038;output=embed&#038;iwloc=near\"\n\t\t\t\t\ttitle=\"Budapest, Csete Bal\u00e1zs u. 15.\"\n\t\t\t\t\taria-label=\"Budapest, Csete Bal\u00e1zs u. 15.\"\n\t\t\t><\/iframe>\n\t\t<\/div>\n\t\t\t\t<\/div>\n\t\t\t\t<\/div>\n\t\t\t\t<div class=\"elementor-element elementor-element-1f849f5 elementor-align-center elementor-widget elementor-widget-button\" data-id=\"1f849f5\" data-element_type=\"widget\" data-widget_type=\"button.default\">\n\t\t\t\t<div class=\"elementor-widget-container\">\n\t\t\t\t\t<div class=\"elementor-button-wrapper\">\n\t\t\t<a href=\"\/hirlevel-feliratkozas\" class=\"elementor-button-link elementor-button elementor-size-lg\" role=\"button\">\n\t\t\t\t\t\t<span class=\"elementor-button-content-wrapper\">\n\t\t\t\t\t\t<span class=\"elementor-button-text\">Feliratkoz\u00e1s a h\u00edrlev\u00e9lre<\/span>\n\t\t<\/span>\n\t\t\t\t\t<\/a>\n\t\t<\/div>\n\t\t\t\t<\/div>\n\t\t\t\t<\/div>\n\t\t\t\t\t\t<\/div>\n\t\t\t\t\t<\/div>\n\t\t<\/div>\n\t\t\t\t\t\t\t\t<\/div>\n\t\t\t\t\t<\/div>\n\t\t<\/section>\n\t\t\t\t\t\t<\/div>\n\t\t\t\t\t<\/div>\n\t\t<\/div>\n\t\t\t\t\t\t\t\t<\/div>\n\t\t\t\t\t<\/div>\n\t\t<\/section>\n\t\t\t\t\t\t\t\t\t<\/div>\n\t\t\t<\/div>\n\t\t\t\t\t<\/div>\n\t\t","protected":false},"excerpt":{"rendered":"<p>El\u00e9rhet\u0151s\u00e9gek Csepel Gal\u00e9ria 1215 Budapest, Csete Bal\u00e1zs u. 15. Tel: +36 1 278-0711 Email: csepelgaleria@gmail.com Feliratkoz\u00e1s a h\u00edrlev\u00e9lre<\/p>\n","protected":false},"author":1,"featured_media":39,"parent":0,"menu_order":0,"comment_status":"closed","ping_status":"closed","template":"page-contact.php","meta":[],"acf":[],"_links":{"self":[{"href":"https:\/\/www.csepelivaroskep.hu\/galeria\/wp-json\/wp\/v2\/pages\/13"}],"collection":[{"href":"https:\/\/www.csepelivaroskep.hu\/galeria\/wp-json\/wp\/v2\/pages"}],"about":[{"href":"https:\/\/www.csepelivaroskep.hu\/galeria\/wp-json\/wp\/v2\/types\/page"}],"author":[{"embeddable":true,"href":"https:\/\/www.csepelivaroskep.hu\/galeria\/wp-json\/wp\/v2\/users\/1"}],"replies":[{"embeddable":true,"href":"https:\/\/www.csepelivaroskep.hu\/galeria\/wp-json\/wp\/v2\/comments?post=13"}],"version-history":[{"count":10,"href":"https:\/\/www.csepelivaroskep.hu\/galeria\/wp-json\/wp\/v2\/pages\/13\/revisions"}],"predecessor-version":[{"id":40,"href":"https:\/\/www.csepelivaroskep.hu\/galeria\/wp-json\/wp\/v2\/pages\/13\/revisions\/40"}],"wp:featuredmedia":[{"embeddable":true,"href":"https:\/\/www.csepelivaroskep.hu\/galeria\/wp-json\/wp\/v2\/media\/39"}],"wp:attachment":[{"href":"https:\/\/www.csepelivaroskep.hu\/galeria\/wp-json\/wp\/v2\/media?parent=13"}],"curies":[{"name":"wp","href":"https:\/\/api.w.org\/{rel}","templated":true}]}}