{"id":1911,"date":"2021-05-31T07:39:27","date_gmt":"2021-05-31T07:39:27","guid":{"rendered":"http:\/\/www.csepelivaroskep.hu\/hirmondo\/?page_id=1911"},"modified":"2025-12-05T10:34:31","modified_gmt":"2025-12-05T10:34:31","slug":"hirdetesek","status":"publish","type":"page","link":"https:\/\/www.csepelivaroskep.hu\/hirmondo\/hirdetesek\/","title":{"rendered":"Hirdet\u00e9sek"},"content":{"rendered":"\t\t<div data-elementor-type=\"wp-page\" data-elementor-id=\"1911\" class=\"elementor elementor-1911\">\n\t\t\t\t\t\t<div class=\"elementor-inner\">\n\t\t\t\t<div class=\"elementor-section-wrap\">\n\t\t\t\t\t\t\t\t\t<section class=\"elementor-section elementor-top-section elementor-element elementor-element-7d377ae0 elementor-section-boxed elementor-section-height-default elementor-section-height-default\" data-id=\"7d377ae0\" data-element_type=\"section\">\n\t\t\t\t\t\t<div class=\"elementor-container elementor-column-gap-default\">\n\t\t\t\t\t\t\t<div class=\"elementor-row\">\n\t\t\t\t\t<div class=\"elementor-column elementor-col-100 elementor-top-column elementor-element elementor-element-51c43435\" data-id=\"51c43435\" data-element_type=\"column\">\n\t\t\t<div class=\"elementor-column-wrap elementor-element-populated\">\n\t\t\t\t\t\t\t<div class=\"elementor-widget-wrap\">\n\t\t\t\t\t\t<div class=\"elementor-element elementor-element-48d606af elementor-widget elementor-widget-text-editor\" data-id=\"48d606af\" data-element_type=\"widget\" data-widget_type=\"text-editor.default\">\n\t\t\t\t<div class=\"elementor-widget-container\">\n\t\t\t\t\t\t\t\t<div class=\"elementor-text-editor elementor-clearfix\">\n\t\t\t\t<p><!-- wp:paragraph --><\/p>\n<h3><strong>Kedves Hirdet\u0151ink!<\/strong><\/h3>\n<h4>Az al\u00e1bbiakban r\u00e9szletes inform\u00e1ci\u00f3kat tal\u00e1lnak a hirdet\u00e9sek technikai adataival, \u00e1raival kapcsolatban. Grafikai \u00e9s apr\u00f3hirdet\u00e9seiket els\u0151sorban online v\u00e1rjuk a <a href=\"mailto:csepelihirmondo1@gmail.com\">csepelihirmondo1@gmail.com<\/a> e-mail c\u00edmre, a megjelen\u00e9s el\u0151tti h\u00e9t szerd\u00e1j\u00e1ig. A hirdet\u00e9sek megjelen\u00e9s\u00e9nek felt\u00e9tele a kit\u00f6lt\u00f6tt, al\u00e1\u00edrt \u00e9s visszak\u00fcld\u00f6tt megrendel\u0151 lap, mely let\u00f6lthet\u0151 oldalunkr\u00f3l. A hirdet\u00e9s k\u00f6lts\u00e9geit a megjelen\u00e9st k\u00f6vet\u0151en, a sz\u00e1mla k\u00e9zhezv\u00e9tele ut\u00e1n kell \u00e1tutal\u00e1ssal rendezni.<\/h4>\n<p><\/p>\n<p><strong>Technikai adatok:<\/strong><br>A hirdet\u00e9seket m\u00e9rethelyesen, sz\u00ednes kivitelben, 300 dpi felbont\u00e1sban k\u00e9rj\u00fck.<br>Form\u00e1tum:&nbsp;TIFF, JPG, EPS, PDF. Sz\u00ednt\u00e9r: CMYK<\/p>\n<p><strong>Grafikai hirdet\u00e9sek m\u00e9rete:<\/strong><br>1\/1 209&#215;271,6 mm<br>1\/2 fekv\u0151 209&#215;133,4 mm; 1\/2 \u00e1ll\u00f3 102&#215;271,6 mm<br>1\/4 102&#215;134 mm<br>1\/8 102&#215;64,75mm<\/p>\n<p><strong>Amennyiben a hirdet\u00e9st a szerkeszt\u0151s\u00e9g k\u00e9sz\u00edti el hozott anyag alapj\u00e1n, a grafikai el\u0151k\u00e9sz\u00edt\u00e9s d\u00edja a hirdet\u00e9s \u00f6sszeg\u00e9nek az 50%-a.&nbsp;<br><\/strong><strong style=\"font-size: 1.4rem; -webkit-font-smoothing: antialiased; color: #ff9900;\">2022-t\u0151l csak a grafikai hirdet\u00e9seket felad\u00f3k&nbsp;kapnak t\u00e1mp\u00e9ld\u00e1nyt. Az apr\u00f3hirdet\u00e9sek megjelen\u00e9se<\/strong><strong style=\"font-size: 1.4rem; -webkit-font-smoothing: antialiased; color: #ff9900;\">&nbsp;az Aktu\u00e1lis lapsz\u00e1mok rovatban k\u00f6vethet\u0151 nyomon.&nbsp;<\/strong><a style=\"-webkit-font-smoothing: antialiased; border: 0px; font-variant-numeric: inherit; font-variant-east-asian: inherit; font-stretch: inherit; font-size: 15px; line-height: inherit; font-family: 'Segoe UI', 'Segoe UI Web (West European)', 'Segoe UI', -apple-system, BlinkMacSystemFont, Roboto, 'Helvetica Neue', sans-serif; vertical-align: baseline; background-color: #ffffff;\" href=\"https:\/\/www.csepelivaroskep.hu\/hirmondo\/\" target=\"_blank\" rel=\"noopener noreferrer\" data-auth=\"NotApplicable\" data-linkindex=\"0\">Csepeli H\u00edrmond\u00f3 (csepelivaroskep.hu)<\/a><span style=\"color: #ff9900; font-family: 'Segoe UI', 'Segoe UI Web (West European)', 'Segoe UI', -apple-system, BlinkMacSystemFont, Roboto, 'Helvetica Neue', sans-serif; font-size: 15px;\">.<\/span><\/p>\n<p><strong>Hirdet\u00e9si \u00e1rak (2026. janu\u00e1r 1-t\u0151l):<\/strong><\/p>\n<p>1\/8 oldal &#8211; 26 450 Ft<br>1\/4 oldal &#8211; 48 700 Ft<br>1\/2 oldal &#8211; 89 060 Ft<br>1\/1 oldal &#8211; 175 330 Ft<\/p>\n<p><!-- \/wp:paragraph --><!-- wp:heading --><!-- \/wp:paragraph --><!-- wp:paragraph --><\/p>\n<p><!-- \/wp:paragraph --><!-- wp:paragraph --><\/p>\n<p><a href=\"https:\/\/www.csepelivaroskep.hu\/hirmondo\/wp-content\/uploads\/sites\/7\/2024\/12\/2025.-Csepeli-Hirmondo-megjelenesei.pdf\" data-type=\"URL\" data-id=\"http:\/\/www.csepelivaroskep.hu\/hirmondo\/wp-content\/uploads\/sites\/7\/2020\/12\/MEGJELENESEK-2021.pdf\">Megjelen\u00e9sek 2025<\/a><\/p>\n<p><a href=\"https:\/\/www.csepelivaroskep.hu\/hirmondo\/wp-content\/uploads\/sites\/7\/2025\/12\/2026.-Csepeli-Hirmondo-megjelenesei.pdf\" target=\"_blank\">Megjelen\u00e9sek 2026<\/a><\/p>\n<p><b>Apr\u00f3hirdet\u00e9s \u00e1rai (2026. janu\u00e1r 1-t\u0151l):<\/b><\/p>\n<p>Lakoss\u00e1gi hirdet\u00e9s 10 sz\u00f3ig: 1.300 Ft + 27% \u00e1fa\/megjelen\u00e9s<\/p>\n<p>Lakoss\u00e1gi hirdet\u00e9s 20 sz\u00f3ig: 2.500 Ft + 27% \u00e1fa\/megjelen\u00e9s<\/p>\n<p>Lakoss\u00e1gi hirdet\u00e9s keretben 50% fel\u00e1r<\/p>\n<p>\u00dczleti hirdet\u00e9s 20 sz\u00f3ig: 3.700 Ft + 27% \u00e1fa\/megjelen\u00e9s<\/p>\n<p>\u00dczleti hirdet\u00e9s keretben 50% fel\u00e1r<\/p>\n<p><strong>Megrendel\u0151k let\u00f6lt\u00e9se:<\/strong><\/p>\n<p><a href=\"http:\/\/www.csepelivaroskep.hu\/hirmondo\/wp-content\/uploads\/sites\/7\/2022\/02\/aprohirdetes-megrendelo\u030bjavitott-1.pdf\">Apr\u00f3hirdet\u00e9s megrendel\u0151<\/a><\/p>\n<p><span style=\"color: #3366ff;\"><a style=\"color: #3366ff;\" href=\"http:\/\/www.csepelivaroskep.hu\/hirmondo\/wp-content\/uploads\/sites\/7\/2022\/02\/a\u0301tutala\u0301sos-megrendelo\u030b-javi\u0301tott.pdf\">Grafikus hirdet\u00e9s megrendel\u0151<\/a><\/span><\/p>\n<p><\/p>\n<p><strong>\u00c1ltal\u00e1nos k\u00e9r\u00e9sek<\/strong>:&nbsp;A magazin rot\u00e1ci\u00f3s technol\u00f3gi\u00e1val k\u00e9sz\u00fcl, a hirdet\u00e9sek elk\u00e9sz\u00edt\u00e9s\u00e9n\u00e9l, k\u00e9rj\u00fck ezt figyelembe venni. K\u00e9rj\u00fck, hogy a k\u00e9pfeldolgoz\u00e1s sor\u00e1n haszn\u00e1ljanak sz\u00ednvisszav\u00e9teli technik\u00e1kat, GCR-UCR-t (Photoshopban: medium (k\u00f6zepes) be\u00e1ll\u00edt\u00e1st). A nyomda a kompozit anyagokat black overprinttel (fekete al\u00e1t\u00f6lt\u00e9ssel) vil\u00e1g\u00edtja, ez\u00e9rt k\u00e9rj\u00fck hat\u00e1rozottan be\u00e1ll\u00edtani a fekete al\u00e1t\u00f6lt\u00e9st (pl. InDesignban, Photoshopban). Probl\u00e9m\u00e1t okozhat az apr\u00f3 vagy v\u00e9kony vonal\u00fa bet\u0171k\u00e9p t\u00f6bb sz\u00ednb\u0151l t\u00f6rt\u00e9n\u0151 nyomtat\u00e1sa. Fekete sz\u00f6vegn\u00e9l k\u00e9rj\u00fck 100% black haszn\u00e1lat\u00e1t. Fekete fel\u00fcletekn\u00e9l ker\u00fclj\u00fck a t\u00f6bb sz\u00ednb\u0151l \u00e1ll\u00f3 fekete haszn\u00e1lat\u00e1t.<\/p>\n<p><strong>Megjelen\u00e9s:<\/strong> 2 heti rendszeress\u00e9ggel (szerdai napon)<br><strong>Ter\u00fclet:<\/strong>&nbsp;Csepel<br><strong>Lapz\u00e1rta:<\/strong>&nbsp;A szerdai megjelen\u00e9s el\u0151tti h\u00e9t szerd\u00e1ja.<br><strong>Terjeszt\u00e9s:<\/strong> Csepeli V\u00e1rosgazda K\u00f6zhaszn\u00fa Nonprofit Zrt.<\/p>\n<p><strong>Reklam\u00e1ci\u00f3<\/strong>: 278-5848&nbsp;<\/p>\n<p><strong>Szerkeszt\u0151s\u00e9g\u00fcnk e-mail c\u00edme<\/strong>: <a href=\"mailto:csepelihirmondo1@gmail.com\">csepelihirmondo1@gmail.com<\/a><\/p>\n<p><\/p>\n<p><!-- \/wp:paragraph --><\/p>\t\t\t\t\t<\/div>\n\t\t\t\t\t\t<\/div>\n\t\t\t\t<\/div>\n\t\t\t\t\t\t<\/div>\n\t\t\t\t\t<\/div>\n\t\t<\/div>\n\t\t\t\t\t\t\t\t<\/div>\n\t\t\t\t\t<\/div>\n\t\t<\/section>\n\t\t\t\t\t\t\t\t\t<\/div>\n\t\t\t<\/div>\n\t\t\t\t\t<\/div>\n\t\t","protected":false},"excerpt":{"rendered":"<p>Kedves Hirdet\u0151ink! Az al\u00e1bbiakban r\u00e9szletes inform\u00e1ci\u00f3kat tal\u00e1lnak a hirdet\u00e9sek technikai adataival, \u00e1raival kapcsolatban. Grafikai \u00e9s apr\u00f3hirdet\u00e9seiket els\u0151sorban online v\u00e1rjuk a csepelihirmondo1@gmail.com e-mail c\u00edmre, a megjelen\u00e9s el\u0151tti h\u00e9t szerd\u00e1j\u00e1ig. A hirdet\u00e9sek megjelen\u00e9s\u00e9nek felt\u00e9tele a kit\u00f6lt\u00f6tt, al\u00e1\u00edrt \u00e9s visszak\u00fcld\u00f6tt megrendel\u0151 lap, mely let\u00f6lthet\u0151 oldalunkr\u00f3l. A hirdet\u00e9s k\u00f6lts\u00e9geit a megjelen\u00e9st k\u00f6vet\u0151en, a sz\u00e1mla k\u00e9zhezv\u00e9tele ut\u00e1n kell \u00e1tutal\u00e1ssal rendezni. [&hellip;]<\/p>\n","protected":false},"author":1,"featured_media":0,"parent":0,"menu_order":1,"comment_status":"closed","ping_status":"closed","template":"elementor_header_footer","meta":[],"acf":[],"_links":{"self":[{"href":"https:\/\/www.csepelivaroskep.hu\/hirmondo\/wp-json\/wp\/v2\/pages\/1911"}],"collection":[{"href":"https:\/\/www.csepelivaroskep.hu\/hirmondo\/wp-json\/wp\/v2\/pages"}],"about":[{"href":"https:\/\/www.csepelivaroskep.hu\/hirmondo\/wp-json\/wp\/v2\/types\/page"}],"author":[{"embeddable":true,"href":"https:\/\/www.csepelivaroskep.hu\/hirmondo\/wp-json\/wp\/v2\/users\/1"}],"replies":[{"embeddable":true,"href":"https:\/\/www.csepelivaroskep.hu\/hirmondo\/wp-json\/wp\/v2\/comments?post=1911"}],"version-history":[{"count":121,"href":"https:\/\/www.csepelivaroskep.hu\/hirmondo\/wp-json\/wp\/v2\/pages\/1911\/revisions"}],"predecessor-version":[{"id":2687,"href":"https:\/\/www.csepelivaroskep.hu\/hirmondo\/wp-json\/wp\/v2\/pages\/1911\/revisions\/2687"}],"wp:attachment":[{"href":"https:\/\/www.csepelivaroskep.hu\/hirmondo\/wp-json\/wp\/v2\/media?parent=1911"}],"curies":[{"name":"wp","href":"https:\/\/api.w.org\/{rel}","templated":true}]}}