{"id":12,"date":"2018-02-11T14:01:56","date_gmt":"2018-02-11T14:01:56","guid":{"rendered":"http:\/\/www.csepelivaroskep.hu\/kiralyerdo\/szolgaltatasok\/"},"modified":"2023-10-18T18:00:56","modified_gmt":"2023-10-18T18:00:56","slug":"szolgaltatasok","status":"publish","type":"page","link":"https:\/\/www.csepelivaroskep.hu\/kiralyerdei\/szolgaltatasok\/","title":{"rendered":"Szolg\u00e1ltat\u00e1sok"},"content":{"rendered":"\t\t<div data-elementor-type=\"wp-page\" data-elementor-id=\"12\" class=\"elementor elementor-12\">\n\t\t\t\t\t\t<div class=\"elementor-inner\">\n\t\t\t\t<div class=\"elementor-section-wrap\">\n\t\t\t\t\t\t\t\t\t<section class=\"elementor-section elementor-top-section elementor-element elementor-element-3db0f3ec elementor-section-boxed elementor-section-height-default elementor-section-height-default\" data-id=\"3db0f3ec\" data-element_type=\"section\">\n\t\t\t\t\t\t<div class=\"elementor-container elementor-column-gap-default\">\n\t\t\t\t\t\t\t<div class=\"elementor-row\">\n\t\t\t\t\t<div class=\"elementor-column elementor-col-100 elementor-top-column elementor-element elementor-element-7516c9ab\" data-id=\"7516c9ab\" data-element_type=\"column\">\n\t\t\t<div class=\"elementor-column-wrap elementor-element-populated\">\n\t\t\t\t\t\t\t<div class=\"elementor-widget-wrap\">\n\t\t\t\t\t\t<div class=\"elementor-element elementor-element-508752f9 elementor-widget elementor-widget-text-editor\" data-id=\"508752f9\" data-element_type=\"widget\" data-widget_type=\"text-editor.default\">\n\t\t\t\t<div class=\"elementor-widget-container\">\n\t\t\t\t\t\t\t\t<div class=\"elementor-text-editor elementor-clearfix\">\n\t\t\t\t<p>A <strong>Kir\u00e1lyerdei M\u0171vel\u0151d\u00e9si H\u00e1z<\/strong>, mely kor\u00e1bban Rideg S\u00e1ndor \u00edr\u00f3 nev\u00e9t viselte, 1975 tavasz\u00e1n nyitotta meg kapuit a nagyk\u00f6z\u00f6ns\u00e9g el\u0151tt. Ahogy jelenlegi neve is mutatja Kir\u00e1lyerd\u0151ben, Csepel csal\u00e1di h\u00e1zas r\u00e9sz\u00e9n, k\u00f6zel a Kis-Dun\u00e1hoz helyezkedik el.<\/p>\n<p>A h\u00e1z arculat\u00e1hoz \u00e9s kisv\u00e1rosi mili\u0151j\u00e9hez \u2013 \u00fagy gondoljuk \u2013 els\u0151sorban a <strong>csal\u00e1dokhoz<\/strong> k\u00f6t\u0151d\u0151 tev\u00e9kenys\u00e9gi \u00e9s sz\u00f3rakoztat\u00e1si form\u00e1k illenek, ugyanakkor programjainkat igyeksz\u00fcnk olyan sz\u00e9les k\u00f6rben kialak\u00edtani, hogy mindenki megtal\u00e1lja a sz\u00e1m\u00e1ra megfelel\u0151t.<\/p>\n<p>B\u0151s\u00e9ges v\u00e1laszt\u00e9kkal szolg\u00e1lunk a <strong>testmozg\u00e1s<\/strong> h\u00edveinek, a hagyom\u00e1nyos form\u00e1k mellett a t\u00e1vol keleti kult\u00fara ihlette foglalkoz\u00e1sok szint\u00e9n megtal\u00e1lhat\u00f3k. Az eg\u00e9szs\u00e9gmeg\u0151rz\u0151 \u00e9s fejleszt\u0151 torn\u00e1kon koroszt\u00e1lyuknak megfelel\u0151en vehetnek r\u00e9szt az \u00e9rdekl\u0151d\u0151k. A t\u00e1nc szerelmesei sokf\u00e9le m\u0171fajb\u00f3l v\u00e1logathatnak. A mozg\u00e1sos tanfolyamok mellett k\u00fcl\u00f6nb\u00f6z\u0151 k\u00e9pess\u00e9gfejleszt\u0151 kurzusok is m\u0171k\u00f6dnek.<\/p>\n<p>B\u00e1rki tal\u00e1lhat \u00e9rdekl\u0151d\u00e9si k\u00f6r\u00e9nek megfelel\u0151 feln\u0151tt \u00e9s <strong>gyermek el\u0151ad\u00e1sokat, koncerteket, ki\u00e1ll\u00edt\u00e1sokat<\/strong> int\u00e9zm\u00e9ny\u00fcnkben. Nyaranta \u2013 a kertet kihaszn\u00e1lva \u2013<strong>gyerekt\u00e1borokat<\/strong> \u00e9s csal\u00e1di napokat szervez\u00fcnk.<\/p>\n<p>\u00c9vtizedek \u00f3ta m\u0171k\u00f6dik a <strong>perzsasz\u0151nyegsz\u00f6v\u0151-<\/strong> \u00e9s a m\u00e1ra nagy hagyom\u00e1nnyal b\u00edr\u00f3 <strong>k\u00e9zimunkaszakk\u00f6r<\/strong> is. Az elk\u00e9sz\u00fclt m\u0171vekb\u0151l rendszeresen ki\u00e1ll\u00edt\u00e1sokat is rendez\u00fcnk.<\/p>\n<p>A <strong>Kir\u00e1lyerdei Nyugd\u00edjasok Klubja<\/strong> a kezdetekt\u0151l fogva biztos\u00edtja a sz\u00ednvonalas kikapcsol\u00f3d\u00e1st az id\u0151sebbeknek. A t\u00e1ncestek mellett a kir\u00e1ndul\u00e1sok, besz\u00e9lget\u00e9sek alkalm\u00e1val a tagok igazi k\u00f6z\u00f6ss\u00e9gben \u00e9rezhetik magukat.<\/p>\n<p>T\u00e1mogatunk \u00e9s seg\u00edt\u00fcnk minden arra \u00e9rdemes k\u00f6z\u00f6ss\u00e9gi kezdem\u00e9nyez\u00e9st, befogadunk <strong>amat\u0151r \u00e9s profi m\u0171v\u00e9szeti csoportokat<\/strong>. Jelenleg n\u00e1lunk tartja pr\u00f3b\u00e1it a <strong>Csepeli N\u00e9met Nemzetis\u00e9gi T\u00e1ncegy\u00fcttes<\/strong>.<\/p>\n<p>Int\u00e9zm\u00e9ny\u00fcnk ad otthont a <strong>Csepeli Helyt\u00f6rt\u00e9neti Gy\u0171jtem\u00e9ny<\/strong>nek. Az \u00e1lland\u00f3 ki\u00e1ll\u00edt\u00e1s mellett <strong>m\u00fazeumpedag\u00f3gia<\/strong> foglalkoz\u00e1sokat szervez\u00fcnk a ker\u00fcleti tanul\u00f3knak. A helyi programokon k\u00edv\u00fcl, <strong>utaz\u00f3 ki\u00e1ll\u00edt\u00e1sunk<\/strong>kal sz\u00e1mos esetben kitelep\u00fcl\u00fcnk k\u00fcl\u00f6nb\u00f6z\u0151 rendezv\u00e9nyekre, hogy min\u00e9l t\u00f6bben megismerj\u00e9k lak\u00f3hely\u00fcnk m\u00faltj\u00e1t.<\/p>\n<p>Rendezv\u00e9nyeken \u00e9s h\u00e9tk\u00f6znapokon,<span style=\"font-size: 1.4rem\">&nbsp;<\/span><strong style=\"font-size: 1.4rem\">b\u00fcf\u00e9<\/strong><span style=\"font-size: 1.4rem\">&nbsp;<\/span><span style=\"font-size: 1.4rem\">v\u00e1rja a l\u00e1togat\u00f3kat.<\/span><\/p>\n<p>\u00c9p\u00fclet\u00fcnkben tal\u00e1lhat\u00f3 a <strong>F\u0151v\u00e1rosi Szab\u00f3 Ervin K\u00f6nyvt\u00e1r Kir\u00e1lyerdei K\u00f6nyvt\u00e1ra<\/strong>.<\/p>\n<p style=\"font-family: 'Open Sans', sans-serif;color: #404040\"><b>Termeink id\u0151szakosan, szabad id\u0151pontokban<\/b>, el\u0151zetes egyeztet\u00e9s alapj\u00e1n <b>b\u00e9relhet\u0151ek<\/b>.&nbsp;<\/p>\n<p>C\u00e9lunk \u00e9s filoz\u00f3fi\u00e1nk, hogy egy olyan kult\u00farak\u00f6zvet\u00edt\u00e9si \u00e9s k\u00f6zm\u0171vel\u0151d\u00e9si tev\u00e9kenys\u00e9get alak\u00edtsunk ki Kir\u00e1lyerd\u0151ben, amely minden koroszt\u00e1ly \u00e9rdekl\u0151d\u00e9si k\u00f6r\u00e9nek megfelel\u0151 alternat\u00edv\u00e1t k\u00edn\u00e1l. Szeretettel v\u00e1runk mindenkit, aki a megl\u00e9v\u0151 lehet\u0151s\u00e9geket szeretn\u00e9 kihaszn\u00e1lni, esetleg gyarap\u00edtani, hogy min\u00e9l sz\u00ednesebb\u00e9 v\u00e1ljon a kultur\u00e1lis \u00e9s k\u00f6zm\u0171vel\u0151d\u00e9si \u00e9let Csepel ezen r\u00e9sz\u00e9n is.<\/p>\t\t\t\t\t<\/div>\n\t\t\t\t\t\t<\/div>\n\t\t\t\t<\/div>\n\t\t\t\t\t\t<\/div>\n\t\t\t\t\t<\/div>\n\t\t<\/div>\n\t\t\t\t\t\t\t\t<\/div>\n\t\t\t\t\t<\/div>\n\t\t<\/section>\n\t\t\t\t\t\t\t\t\t<\/div>\n\t\t\t<\/div>\n\t\t\t\t\t<\/div>\n\t\t","protected":false},"excerpt":{"rendered":"<p>A Kir\u00e1lyerdei M\u0171vel\u0151d\u00e9si H\u00e1z, mely kor\u00e1bban Rideg S\u00e1ndor \u00edr\u00f3 nev\u00e9t viselte, 1975 tavasz\u00e1n nyitotta meg kapuit a nagyk\u00f6z\u00f6ns\u00e9g el\u0151tt. Ahogy jelenlegi neve is mutatja Kir\u00e1lyerd\u0151ben, Csepel csal\u00e1di h\u00e1zas r\u00e9sz\u00e9n, k\u00f6zel a Kis-Dun\u00e1hoz helyezkedik el. A h\u00e1z arculat\u00e1hoz \u00e9s kisv\u00e1rosi mili\u0151j\u00e9hez \u2013 \u00fagy gondoljuk \u2013 els\u0151sorban a csal\u00e1dokhoz k\u00f6t\u0151d\u0151 tev\u00e9kenys\u00e9gi \u00e9s sz\u00f3rakoztat\u00e1si form\u00e1k illenek, ugyanakkor programjainkat [&hellip;]<\/p>\n","protected":false},"author":1,"featured_media":201,"parent":0,"menu_order":0,"comment_status":"closed","ping_status":"closed","template":"","meta":[],"acf":[],"_links":{"self":[{"href":"https:\/\/www.csepelivaroskep.hu\/kiralyerdei\/wp-json\/wp\/v2\/pages\/12"}],"collection":[{"href":"https:\/\/www.csepelivaroskep.hu\/kiralyerdei\/wp-json\/wp\/v2\/pages"}],"about":[{"href":"https:\/\/www.csepelivaroskep.hu\/kiralyerdei\/wp-json\/wp\/v2\/types\/page"}],"author":[{"embeddable":true,"href":"https:\/\/www.csepelivaroskep.hu\/kiralyerdei\/wp-json\/wp\/v2\/users\/1"}],"replies":[{"embeddable":true,"href":"https:\/\/www.csepelivaroskep.hu\/kiralyerdei\/wp-json\/wp\/v2\/comments?post=12"}],"version-history":[{"count":6,"href":"https:\/\/www.csepelivaroskep.hu\/kiralyerdei\/wp-json\/wp\/v2\/pages\/12\/revisions"}],"predecessor-version":[{"id":2543,"href":"https:\/\/www.csepelivaroskep.hu\/kiralyerdei\/wp-json\/wp\/v2\/pages\/12\/revisions\/2543"}],"wp:featuredmedia":[{"embeddable":true,"href":"https:\/\/www.csepelivaroskep.hu\/kiralyerdei\/wp-json\/wp\/v2\/media\/201"}],"wp:attachment":[{"href":"https:\/\/www.csepelivaroskep.hu\/kiralyerdei\/wp-json\/wp\/v2\/media?parent=12"}],"curies":[{"name":"wp","href":"https:\/\/api.w.org\/{rel}","templated":true}]}}