{"id":13,"date":"2018-02-14T18:10:57","date_gmt":"2018-02-14T18:10:57","guid":{"rendered":"http:\/\/www.csepelivaroskep.hu\/osszetartozashaza\/?page_id=13"},"modified":"2025-02-04T14:16:08","modified_gmt":"2025-02-04T14:16:08","slug":"kapcsolat","status":"publish","type":"page","link":"https:\/\/www.csepelivaroskep.hu\/osszetartozashaza\/kapcsolat\/","title":{"rendered":"Kapcsolat"},"content":{"rendered":"\t\t<div data-elementor-type=\"wp-post\" data-elementor-id=\"13\" class=\"elementor elementor-13\">\n\t\t\t\t\t\t<div class=\"elementor-inner\">\n\t\t\t\t<div class=\"elementor-section-wrap\">\n\t\t\t\t\t\t\t\t\t<section class=\"elementor-section elementor-top-section elementor-element elementor-element-26038108 elementor-section-boxed elementor-section-height-default elementor-section-height-default\" data-id=\"26038108\" data-element_type=\"section\">\n\t\t\t\t\t\t<div class=\"elementor-container elementor-column-gap-default\">\n\t\t\t\t\t\t\t<div class=\"elementor-row\">\n\t\t\t\t\t<div class=\"elementor-column elementor-col-100 elementor-top-column elementor-element elementor-element-516a12bb\" data-id=\"516a12bb\" data-element_type=\"column\">\n\t\t\t<div class=\"elementor-column-wrap\">\n\t\t\t\t\t\t\t<div class=\"elementor-widget-wrap\">\n\t\t\t\t\t\t\t\t<\/div>\n\t\t\t\t\t<\/div>\n\t\t<\/div>\n\t\t\t\t\t\t\t\t<\/div>\n\t\t\t\t\t<\/div>\n\t\t<\/section>\n\t\t\t\t<section class=\"elementor-section elementor-top-section elementor-element elementor-element-8749a35 elementor-section-boxed elementor-section-height-default elementor-section-height-default\" data-id=\"8749a35\" data-element_type=\"section\">\n\t\t\t\t\t\t<div class=\"elementor-container elementor-column-gap-default\">\n\t\t\t\t\t\t\t<div class=\"elementor-row\">\n\t\t\t\t\t<div class=\"elementor-column elementor-col-100 elementor-top-column elementor-element elementor-element-67be707\" data-id=\"67be707\" data-element_type=\"column\">\n\t\t\t<div class=\"elementor-column-wrap elementor-element-populated\">\n\t\t\t\t\t\t\t<div class=\"elementor-widget-wrap\">\n\t\t\t\t\t\t<section class=\"elementor-section elementor-inner-section elementor-element elementor-element-4eda5a78 elementor-section-height-min-height elementor-section-boxed elementor-section-height-default\" data-id=\"4eda5a78\" data-element_type=\"section\">\n\t\t\t\t\t\t<div class=\"elementor-container elementor-column-gap-default\">\n\t\t\t\t\t\t\t<div class=\"elementor-row\">\n\t\t\t\t\t<div class=\"elementor-column elementor-col-33 elementor-inner-column elementor-element elementor-element-29d3f6a7\" data-id=\"29d3f6a7\" data-element_type=\"column\">\n\t\t\t<div class=\"elementor-column-wrap elementor-element-populated\">\n\t\t\t\t\t\t\t<div class=\"elementor-widget-wrap\">\n\t\t\t\t\t\t<div class=\"elementor-element elementor-element-37dcde04 elementor-widget elementor-widget-heading\" data-id=\"37dcde04\" data-element_type=\"widget\" data-widget_type=\"heading.default\">\n\t\t\t\t<div class=\"elementor-widget-container\">\n\t\t\t<h2 class=\"elementor-heading-title elementor-size-default\">El\u00e9rhet\u0151s\u00e9gek<\/h2>\t\t<\/div>\n\t\t\t\t<\/div>\n\t\t\t\t<div class=\"elementor-element elementor-element-1618ef6c elementor-widget elementor-widget-text-editor\" data-id=\"1618ef6c\" data-element_type=\"widget\" data-widget_type=\"text-editor.default\">\n\t\t\t\t<div class=\"elementor-widget-container\">\n\t\t\t\t\t\t\t\t<div class=\"elementor-text-editor elementor-clearfix\">\n\t\t\t\t<p style=\"margin-bottom: 0cm; line-height: normal; background-image: initial; background-position: initial; background-size: initial; background-attachment: initial;\"><span style=\"font-size: 14pt; font-family: 'Times New Roman', serif;\">\u00d6sszetartoz\u00e1s H\u00e1za Trianon eml\u00e9kki\u00e1ll\u00edt\u00e1s<br>1214 Budapest Erd\u0151sor utca 33.<\/span><\/p>\n<p style=\"margin-bottom: 0cm; line-height: normal; background-image: initial; background-position: initial; background-size: initial; background-attachment: initial;\"><span style=\"font-size: 14pt; font-family: 'Times New Roman', serif;\">&nbsp;<\/span><\/p>\n<p style=\"margin-bottom: 18pt; line-height: normal; background-image: initial; background-position: initial; background-size: initial; background-attachment: initial;\"><span style=\"font-size: 14pt; font-family: 'Times New Roman', serif;\">Telelefonsz\u00e1m: +36 1 310-0118<\/span><\/p>\n<p style=\"margin-bottom: 0cm; line-height: normal; background-image: initial; background-position: initial; background-size: initial; background-attachment: initial;\"><span style=\"font-size: 14pt; font-family: 'Times New Roman', serif;\">E-mail:<br><a href=\"mailto:osszetartozashaza@csepelivaroskep.hu\">osszetartozashaza@csepelivaroskep.hu<\/a><\/span><\/p>\n<p style=\"margin-bottom: 0cm; line-height: normal; background-image: initial; background-position: initial; background-size: initial; background-attachment: initial;\">\n<\/p><p style=\"margin-bottom: 0cm; line-height: normal; background-image: initial; background-position: initial; background-size: initial; background-attachment: initial;\"><span style=\"font-size: 14pt; font-family: 'Times New Roman', serif;\"><br><\/span><\/p><p style=\"margin-bottom: 0cm; line-height: normal; background-image: initial; background-position: initial; background-size: initial; background-attachment: initial;\"><span style=\"font-size: 14pt; font-family: 'Times New Roman', serif;\">Facebook: <\/span><\/p>\n<p style=\"margin-bottom: 0cm; line-height: normal; background-image: initial; background-position: initial; background-size: initial; background-attachment: initial;\"><span style=\"font-size: 14pt; line-height: 107%; font-family: 'Times New Roman', serif;\">www.facebook.com\/osszetartozashaza<\/span><b style=\"font-size: 1.4rem;\"><u><span style=\"font-size: 14pt; font-family: 'Times New Roman', serif;\"><br><\/span><\/u><\/b><\/p>\n<p style=\"margin-bottom: 0cm; line-height: normal; background-image: initial; background-position: initial; background-size: initial; background-attachment: initial;\">\n<\/p><p style=\"margin-bottom: 0cm; line-height: normal; background-image: initial; background-position: initial; background-size: initial; background-attachment: initial;\"><b style=\"font-size: 1.4rem;\"><u><span style=\"font-size: 14pt; font-family: 'Times New Roman', serif;\"><br><\/span><\/u><\/b><\/p><p style=\"margin-bottom: 0cm; line-height: normal; background-image: initial; background-position: initial; background-size: initial; background-attachment: initial;\"><b style=\"font-size: 1.4rem;\"><u><span style=\"font-size: 14pt; font-family: 'Times New Roman', serif;\">Megtekinthet\u0151:<\/span><\/u><\/b><\/p>\n<ul style=\"margin-top: 0cm;\" type=\"disc\">\n<li style=\"margin-bottom: 0cm; line-height: normal; background-image: initial; background-position: initial; background-size: initial; background-attachment: initial;\"><b><span style=\"font-size: 14.0pt; font-family: 'Times New Roman',serif;\">kedd:10-18<\/span><\/b><\/li>\n<li style=\"margin-bottom: 0cm; line-height: normal; background-image: initial; background-position: initial; background-size: initial; background-attachment: initial;\"><b><span style=\"font-size: 14.0pt; font-family: 'Times New Roman',serif;\">cs\u00fct\u00f6rt\u00f6k: 8-16<\/span><\/b><\/li>\n<li style=\"margin-bottom: 0cm; line-height: normal; background-image: initial; background-position: initial; background-size: initial; background-attachment: initial;\"><b><span style=\"font-size: 14.0pt; font-family: 'Times New Roman',serif;\">szombat: 9-13<\/span><\/b><\/li>\n<\/ul>\n<p style=\"margin: 0cm 0cm 0cm 36pt; line-height: normal; background-image: initial; background-position: initial; background-size: initial; background-attachment: initial;\"><span style=\"font-family: &quot;Times New Roman&quot;, serif; font-size: 14pt;\">Csoportokat el\u0151zetes bejelentkez\u00e9st k\u00f6vet\u0151en a fenti id\u0151pontokt\u00f3l elt\u00e9r\u0151 napokon is v\u00e1runk.&nbsp;<\/span><\/p>\n<p style=\"margin-bottom: 0cm; line-height: normal; background-image: initial; background-position: initial; background-size: initial; background-attachment: initial;\"><span style=\"font-size: 14pt; font-family: 'Times New Roman', serif;\">&nbsp;<\/span><\/p>\n<p style=\"margin-bottom: 0cm; line-height: normal; background-image: initial; background-position: initial; background-size: initial; background-attachment: initial;\"><span style=\"font-size: 14pt; font-family: 'Times New Roman', serif;\">A bel\u00e9p\u00e9s ingyenes!&nbsp;<\/span><\/p>\n<p style=\"margin-bottom: 0cm; line-height: normal; background-image: initial; background-position: initial; background-size: initial; background-attachment: initial;\"><span style=\"font-size: 14pt; font-family: 'Times New Roman', serif;\">&nbsp;<\/span><\/p>\t\t\t\t\t<\/div>\n\t\t\t\t\t\t<\/div>\n\t\t\t\t<\/div>\n\t\t\t\t\t\t<\/div>\n\t\t\t\t\t<\/div>\n\t\t<\/div>\n\t\t\t\t<div class=\"elementor-column elementor-col-66 elementor-inner-column elementor-element elementor-element-59b9778e\" data-id=\"59b9778e\" data-element_type=\"column\">\n\t\t\t<div class=\"elementor-column-wrap elementor-element-populated\">\n\t\t\t\t\t\t\t<div class=\"elementor-widget-wrap\">\n\t\t\t\t\t\t<div class=\"elementor-element elementor-element-f39156d elementor-widget elementor-widget-google_maps\" data-id=\"f39156d\" data-element_type=\"widget\" data-widget_type=\"google_maps.default\">\n\t\t\t\t<div class=\"elementor-widget-container\">\n\t\t\t\t\t<div class=\"elementor-custom-embed\">\n\t\t\t<iframe loading=\"lazy\"\n\t\t\t\t\tsrc=\"https:\/\/maps.google.com\/maps?q=Budapest%2C%20Erd%C5%91sor%20utca%2033&#038;t=m&#038;z=15&#038;output=embed&#038;iwloc=near\"\n\t\t\t\t\ttitle=\"Budapest, Erd\u0151sor utca 33\"\n\t\t\t\t\taria-label=\"Budapest, Erd\u0151sor utca 33\"\n\t\t\t><\/iframe>\n\t\t<\/div>\n\t\t\t\t<\/div>\n\t\t\t\t<\/div>\n\t\t\t\t<div class=\"elementor-element elementor-element-1f849f5 elementor-align-center elementor-widget elementor-widget-button\" data-id=\"1f849f5\" data-element_type=\"widget\" data-widget_type=\"button.default\">\n\t\t\t\t<div class=\"elementor-widget-container\">\n\t\t\t\t\t<div class=\"elementor-button-wrapper\">\n\t\t\t<a href=\"\/hirlevel-feliratkozas\" class=\"elementor-button-link elementor-button elementor-size-lg\" role=\"button\">\n\t\t\t\t\t\t<span class=\"elementor-button-content-wrapper\">\n\t\t\t\t\t\t<span class=\"elementor-button-text\">Feliratkoz\u00e1s a h\u00edrlev\u00e9lre<\/span>\n\t\t<\/span>\n\t\t\t\t\t<\/a>\n\t\t<\/div>\n\t\t\t\t<\/div>\n\t\t\t\t<\/div>\n\t\t\t\t\t\t<\/div>\n\t\t\t\t\t<\/div>\n\t\t<\/div>\n\t\t\t\t\t\t\t\t<\/div>\n\t\t\t\t\t<\/div>\n\t\t<\/section>\n\t\t\t\t<div class=\"elementor-element elementor-element-4454c31 elementor-widget elementor-widget-heading\" data-id=\"4454c31\" data-element_type=\"widget\" data-widget_type=\"heading.default\">\n\t\t\t\t<div class=\"elementor-widget-container\">\n\t\t\t<h3 class=\"elementor-heading-title elementor-size-default\"><h2 data-elementor-setting-key=\"title\" data-pen-placeholder=\"Ide \u00edrj...\" style=\", sans-serif\">Megk\u00f6zel\u00edthet\u0151s\u00e9g<\/h2><br>\n\n<h3 style=\"margin: 0cm;background-image: initial;background-position: initial;background-size: initial;background-attachment: initial\">Keleti p\u00e1lyaudvar fel\u0151l:<\/h3>\n<\/h3>\t\t<\/div>\n\t\t\t\t<\/div>\n\t\t\t\t<div class=\"elementor-element elementor-element-77b550f elementor-widget elementor-widget-text-editor\" data-id=\"77b550f\" data-element_type=\"widget\" data-widget_type=\"text-editor.default\">\n\t\t\t\t<div class=\"elementor-widget-container\">\n\t\t\t\t\t\t\t\t<div class=\"elementor-text-editor elementor-clearfix\">\n\t\t\t\t<p>4-es Metr\u00f3 \u2013 F\u0151v\u00e1m t\u00e9r meg\u00e1ll\u00f3 \u2013 onnan a 2-es villamossal a Bor\u00e1ros t\u00e9rig \u2013 onnan a H7-es h\u00e9vvel a v\u00e9g\u00e1llom\u00e1sig. A v\u00e9g\u00e1llom\u00e1st\u00f3l, k\u00f6r\u00fclbel\u00fcl 4 perc s\u00e9t\u00e1val a Szent Istv\u00e1n \u00fati buszmeg\u00e1ll\u00f3ban felsz\u00e1llva a 159-es aut\u00f3buszra, onnan a 2. meg\u00e1ll\u00f3 a Technikus utca (\u00d6sszetartoz\u00e1s H\u00e1za).<\/p>\t\t\t\t\t<\/div>\n\t\t\t\t\t\t<\/div>\n\t\t\t\t<\/div>\n\t\t\t\t<div class=\"elementor-element elementor-element-6aff678 elementor-widget elementor-widget-heading\" data-id=\"6aff678\" data-element_type=\"widget\" data-widget_type=\"heading.default\">\n\t\t\t\t<div class=\"elementor-widget-container\">\n\t\t\t<h3 class=\"elementor-heading-title elementor-size-default\">Nyugati p\u00e1lyaudvar fel\u0151l:<\/h3>\t\t<\/div>\n\t\t\t\t<\/div>\n\t\t\t\t<div class=\"elementor-element elementor-element-1b6218a elementor-widget elementor-widget-text-editor\" data-id=\"1b6218a\" data-element_type=\"widget\" data-widget_type=\"text-editor.default\">\n\t\t\t\t<div class=\"elementor-widget-container\">\n\t\t\t\t\t\t\t\t<div class=\"elementor-text-editor elementor-clearfix\">\n\t\t\t\t<p>A p\u00e1lyaudvarral szemk\u00f6zti meg\u00e1ll\u00f3b\u00f3l indul\u00f3 4-6-os jelz\u00e9s\u0171 villamossal Bor\u00e1ros t\u00e9rig. Onnan H7-es H\u00c9V-vel Csepel v\u00e9g\u00e1llom\u00e1sig. A v\u00e9g\u00e1llom\u00e1st\u00f3l, k\u00f6r\u00fclbel\u00fcl 4 perc s\u00e9t\u00e1val a Szent Istv\u00e1n \u00fati buszmeg\u00e1ll\u00f3ban felsz\u00e1llva a 159-es aut\u00f3buszra, onnan a 2. meg\u00e1ll\u00f3 a Technikus utca (\u00d6sszetartoz\u00e1s H\u00e1za)<span style=\"font-size: 1.4rem\">.<\/span><\/p>\t\t\t\t\t<\/div>\n\t\t\t\t\t\t<\/div>\n\t\t\t\t<\/div>\n\t\t\t\t<div class=\"elementor-element elementor-element-7e4278d elementor-widget elementor-widget-heading\" data-id=\"7e4278d\" data-element_type=\"widget\" data-widget_type=\"heading.default\">\n\t\t\t\t<div class=\"elementor-widget-container\">\n\t\t\t<h3 class=\"elementor-heading-title elementor-size-default\">Kelenf\u00f6ldi p\u00e1lyaudvar fel\u0151l:<\/h3>\t\t<\/div>\n\t\t\t\t<\/div>\n\t\t\t\t<div class=\"elementor-element elementor-element-f87f64e elementor-widget elementor-widget-text-editor\" data-id=\"f87f64e\" data-element_type=\"widget\" data-widget_type=\"text-editor.default\">\n\t\t\t\t<div class=\"elementor-widget-container\">\n\t\t\t\t\t\t\t\t<div class=\"elementor-text-editor elementor-clearfix\">\n\t\t\t\t<p>4-es Metr\u00f3 \u2013 F\u0151v\u00e1m t\u00e9r meg\u00e1ll\u00f3 \u2013 onnan a 2-es villamossal a Bor\u00e1ros t\u00e9rig \u2013 onnan a H7-es h\u00e9vvel a v\u00e9g\u00e1llom\u00e1sig. A v\u00e9g\u00e1llom\u00e1st\u00f3l, k\u00f6r\u00fclbel\u00fcl 4 perc s\u00e9t\u00e1val a Szent Istv\u00e1n \u00fati buszmeg\u00e1ll\u00f3ban felsz\u00e1llva a 159-es aut\u00f3buszra, onnan a 2. meg\u00e1ll\u00f3 a Technikus utca (\u00d6sszetartoz\u00e1s H\u00e1za)<span style=\"font-size: 1.4rem\">.&nbsp;<\/span><\/p>\t\t\t\t\t<\/div>\n\t\t\t\t\t\t<\/div>\n\t\t\t\t<\/div>\n\t\t\t\t\t\t<\/div>\n\t\t\t\t\t<\/div>\n\t\t<\/div>\n\t\t\t\t\t\t\t\t<\/div>\n\t\t\t\t\t<\/div>\n\t\t<\/section>\n\t\t\t\t\t\t\t\t\t<\/div>\n\t\t\t<\/div>\n\t\t\t\t\t<\/div>\n\t\t","protected":false},"excerpt":{"rendered":"<p>El\u00e9rhet\u0151s\u00e9gek \u00d6sszetartoz\u00e1s H\u00e1za Trianon eml\u00e9kki\u00e1ll\u00edt\u00e1s1214 Budapest Erd\u0151sor utca 33. &nbsp; Telelefonsz\u00e1m: +36 1 310-0118 E-mail:osszetartozashaza@csepelivaroskep.hu Facebook: www.facebook.com\/osszetartozashaza Megtekinthet\u0151: kedd:10-18 cs\u00fct\u00f6rt\u00f6k: 8-16 szombat: 9-13 Csoportokat el\u0151zetes bejelentkez\u00e9st k\u00f6vet\u0151en a fenti id\u0151pontokt\u00f3l elt\u00e9r\u0151 napokon is v\u00e1runk.&nbsp; &nbsp; A bel\u00e9p\u00e9s ingyenes!&nbsp; &nbsp; Feliratkoz\u00e1s a h\u00edrlev\u00e9lre Megk\u00f6zel\u00edthet\u0151s\u00e9g Keleti p\u00e1lyaudvar fel\u0151l: 4-es Metr\u00f3 \u2013 F\u0151v\u00e1m t\u00e9r meg\u00e1ll\u00f3 \u2013 onnan a [&hellip;]<\/p>\n","protected":false},"author":1,"featured_media":350,"parent":0,"menu_order":0,"comment_status":"closed","ping_status":"closed","template":"page-contact.php","meta":[],"acf":[],"_links":{"self":[{"href":"https:\/\/www.csepelivaroskep.hu\/osszetartozashaza\/wp-json\/wp\/v2\/pages\/13"}],"collection":[{"href":"https:\/\/www.csepelivaroskep.hu\/osszetartozashaza\/wp-json\/wp\/v2\/pages"}],"about":[{"href":"https:\/\/www.csepelivaroskep.hu\/osszetartozashaza\/wp-json\/wp\/v2\/types\/page"}],"author":[{"embeddable":true,"href":"https:\/\/www.csepelivaroskep.hu\/osszetartozashaza\/wp-json\/wp\/v2\/users\/1"}],"replies":[{"embeddable":true,"href":"https:\/\/www.csepelivaroskep.hu\/osszetartozashaza\/wp-json\/wp\/v2\/comments?post=13"}],"version-history":[{"count":106,"href":"https:\/\/www.csepelivaroskep.hu\/osszetartozashaza\/wp-json\/wp\/v2\/pages\/13\/revisions"}],"predecessor-version":[{"id":570,"href":"https:\/\/www.csepelivaroskep.hu\/osszetartozashaza\/wp-json\/wp\/v2\/pages\/13\/revisions\/570"}],"wp:featuredmedia":[{"embeddable":true,"href":"https:\/\/www.csepelivaroskep.hu\/osszetartozashaza\/wp-json\/wp\/v2\/media\/350"}],"wp:attachment":[{"href":"https:\/\/www.csepelivaroskep.hu\/osszetartozashaza\/wp-json\/wp\/v2\/media?parent=13"}],"curies":[{"name":"wp","href":"https:\/\/api.w.org\/{rel}","templated":true}]}}