{"id":24,"date":"2018-02-11T14:02:11","date_gmt":"2018-02-11T14:02:11","guid":{"rendered":"http:\/\/www.csepelivaroskep.hu\/radnoti\/?page_id=24"},"modified":"2019-01-02T12:17:15","modified_gmt":"2019-01-02T12:17:15","slug":"informacio","status":"publish","type":"page","link":"https:\/\/www.csepelivaroskep.hu\/radnoti\/informacio\/","title":{"rendered":"R\u00f3lunk"},"content":{"rendered":"\t\t<div data-elementor-type=\"wp-post\" data-elementor-id=\"24\" class=\"elementor elementor-24 elementor-bc-flex-widget\">\n\t\t\t\t\t\t<div class=\"elementor-inner\">\n\t\t\t\t<div class=\"elementor-section-wrap\">\n\t\t\t\t\t\t\t\t\t<section class=\"elementor-section elementor-top-section elementor-element elementor-element-cd9c273 elementor-section-boxed elementor-section-height-default elementor-section-height-default\" data-id=\"cd9c273\" data-element_type=\"section\">\n\t\t\t\t\t\t<div class=\"elementor-container elementor-column-gap-default\">\n\t\t\t\t\t\t\t<div class=\"elementor-row\">\n\t\t\t\t\t<div class=\"elementor-column elementor-col-50 elementor-top-column elementor-element elementor-element-e149c25\" data-id=\"e149c25\" data-element_type=\"column\">\n\t\t\t<div class=\"elementor-column-wrap elementor-element-populated\">\n\t\t\t\t\t\t\t<div class=\"elementor-widget-wrap\">\n\t\t\t\t\t\t<div class=\"elementor-element elementor-element-5592711 elementor-widget elementor-widget-text-editor\" data-id=\"5592711\" data-element_type=\"widget\" data-widget_type=\"text-editor.default\">\n\t\t\t\t<div class=\"elementor-widget-container\">\n\t\t\t\t\t\t\t\t<div class=\"elementor-text-editor elementor-clearfix\">\n\t\t\t\t<p>A Radn\u00f3ti Mikl\u00f3s M\u0171vel\u0151d\u00e9si H\u00e1z tev\u00e9kenys\u00e9g\u00e9vel meghat\u00e1roz\u00f3 szerepet t\u00f6lt be a ker\u00fclet k\u00f6zm\u0171vel\u0151d\u00e9s\u00e9ben 1963 \u00f3ta. Alkalmazkodik k\u00f6zvetlen k\u00f6rnyezete m\u0171vel\u0151d\u00e9si ig\u00e9nyeihez, elv\u00e1r\u00e1saihoz. Az elm\u00falt \u00e9vek alatt sz\u00e1mos m\u0171v\u00e9szeti csoportnak, tanfolyamnak adtunk otthont, megannyi szabadid\u0151s \u00e9s sz\u00f3rakoztat\u00f3 rendezv\u00e9nynek voltunk h\u00e1zigazd\u00e1i. A m\u0171vel\u0151d\u00e9si h\u00e1zban igen sokr\u00e9t\u0171 \u00e9s v\u00e1ltozatos programok v\u00e1rj\u00e1k a vend\u00e9geket.<br \/> M\u0171sorszerkezet\u00e9ben \u2013 a helyi saj\u00e1toss\u00e1gokat figyelembe v\u00e9ve \u2013 alkalmazkodik a fell\u00e9p\u0151 \u00faj ig\u00e9nyekhez:<\/p><p>koroszt\u00e1lyi m\u0171vel\u0151d\u00e9st szolg\u00e1l\u00f3 rendezv\u00e9nyek, programok (gyermek, ifj\u00fas\u00e1gi, feln\u0151tt m\u0171sorok)<br \/> zen\u00e9s \u2013 t\u00e1ncos estek, k\u00f6nny\u0171zenei koncertek<br \/> sz\u00ednh\u00e1zi \u2013 \u00e9s b\u00e1bel\u0151ad\u00e1sok<br \/> t\u00e1mogatja az int\u00e9zm\u00e9ny k\u00f6zvetlen k\u00f6rnyezet\u00e9nek k\u00f6z\u00f6ss\u00e9g\u00e9p\u00edt\u0151 kezdem\u00e9nyez\u00e9seit.<\/p><p>Szolg\u00e1ltat\u00e1sainkat a felmer\u00fcl\u0151 ig\u00e9nyekhez igazodva folyamatosan v\u00e1ltoztatjuk, fejlesztj\u00fck. Termeink alkalmasak tanfolyami c\u00e9lokra, t\u00e1j\u00e9koztat\u00f3k, konferenci\u00e1k megtart\u00e1s\u00e1ra, valamint kultur\u00e1lis estek, b\u00e1lok megrendez\u00e9s\u00e9re is.<\/p><p>2014-ben a ker\u00fcleti \u00f6nkorm\u00e1nyzat Csepel \u00d6r\u00f6ks\u00e9g D\u00edjat adom\u00e1nyozott int\u00e9zm\u00e9ny\u00fcnknek.<\/p><p>Programjainkr\u00f3l t\u00e1j\u00e9koz\u00f3djon honlapunkon, <a href=\"https:\/\/www.facebook.com\/radnotimuvhaz\/\" target=\"_blank\" rel=\"noopener\"><strong>Facebook oldalunkon<\/strong><\/a>, vagy j\u00f6jj\u00f6n el hozz\u00e1nk szem\u00e9lyesen! Munkat\u00e1rsaimmal azt szeretn\u00e9nk, hogy igaz\u00e1n otthon \u00e9rezze mag\u00e1t n\u00e1lunk! Programjaink tartalmas id\u0151t\u00f6lt\u00e9st, sz\u00f3rakoz\u00e1st biztos\u00edtanak a hozz\u00e1nk l\u00e1togat\u00f3k sz\u00e1m\u00e1ra. T\u00e9rjen be a Radn\u00f3tiba, szeretettel v\u00e1rjuk!<\/p><p>Ligeti \u00c1gnes<br \/> Int\u00e9zm\u00e9nyvezet\u0151<\/p>\t\t\t\t\t<\/div>\n\t\t\t\t\t\t<\/div>\n\t\t\t\t<\/div>\n\t\t\t\t\t\t<\/div>\n\t\t\t\t\t<\/div>\n\t\t<\/div>\n\t\t\t\t<div class=\"elementor-column elementor-col-50 elementor-top-column elementor-element elementor-element-c282830\" data-id=\"c282830\" data-element_type=\"column\">\n\t\t\t<div class=\"elementor-column-wrap elementor-element-populated\">\n\t\t\t\t\t\t\t<div class=\"elementor-widget-wrap\">\n\t\t\t\t\t\t<div class=\"elementor-element elementor-element-265dcbc elementor-widget elementor-widget-image-gallery\" data-id=\"265dcbc\" data-element_type=\"widget\" data-widget_type=\"image-gallery.default\">\n\t\t\t\t<div class=\"elementor-widget-container\">\n\t\t\t\t\t<div class=\"elementor-image-gallery\">\n\t\t\t<div id='gallery-1' class='gallery galleryid-24 gallery-columns-1 gallery-size-medium'><figure class='gallery-item'>\n\t\t\t<div class='gallery-icon landscape'>\n\t\t\t\t<a data-elementor-open-lightbox=\"yes\" data-elementor-lightbox-slideshow=\"265dcbc\" data-elementor-lightbox-title=\"Radn\u00f3ti kis\" data-e-action-hash=\"#elementor-action%3Aaction%3Dlightbox%26settings%3DeyJpZCI6ODgsInVybCI6Imh0dHBzOlwvXC93d3cuY3NlcGVsaXZhcm9za2VwLmh1XC9yYWRub3RpXC93cC1jb250ZW50XC91cGxvYWRzXC9zaXRlc1wvMlwvMjAxOFwvMDRcL1JhZG5cdTAwZjN0aS1raXMuanBnIiwic2xpZGVzaG93IjoiMjY1ZGNiYyJ9\" href='https:\/\/www.csepelivaroskep.hu\/radnoti\/wp-content\/uploads\/sites\/2\/2018\/04\/Radn\u00f3ti-kis.jpg' rel=\"wpdevart_lightbox\"><img width=\"300\" height=\"210\" src=\"https:\/\/www.csepelivaroskep.hu\/radnoti\/wp-content\/uploads\/sites\/2\/2018\/04\/Radn\u00f3ti-kis-300x210.jpg\" class=\"attachment-medium size-medium\" alt=\"\" loading=\"lazy\" srcset=\"https:\/\/www.csepelivaroskep.hu\/radnoti\/wp-content\/uploads\/sites\/2\/2018\/04\/Radn\u00f3ti-kis-300x210.jpg 300w, https:\/\/www.csepelivaroskep.hu\/radnoti\/wp-content\/uploads\/sites\/2\/2018\/04\/Radn\u00f3ti-kis-768x538.jpg 768w, https:\/\/www.csepelivaroskep.hu\/radnoti\/wp-content\/uploads\/sites\/2\/2018\/04\/Radn\u00f3ti-kis-1024x717.jpg 1024w, https:\/\/www.csepelivaroskep.hu\/radnoti\/wp-content\/uploads\/sites\/2\/2018\/04\/Radn\u00f3ti-kis.jpg 1041w\" sizes=\"(max-width: 300px) 100vw, 300px\" \/><\/a>\n\t\t\t<\/div><\/figure><figure class='gallery-item'>\n\t\t\t<div class='gallery-icon landscape'>\n\t\t\t\t<a data-elementor-open-lightbox=\"yes\" data-elementor-lightbox-slideshow=\"265dcbc\" data-elementor-lightbox-title=\"radnoti_50189\" data-e-action-hash=\"#elementor-action%3Aaction%3Dlightbox%26settings%3DeyJpZCI6ODksInVybCI6Imh0dHBzOlwvXC93d3cuY3NlcGVsaXZhcm9za2VwLmh1XC9yYWRub3RpXC93cC1jb250ZW50XC91cGxvYWRzXC9zaXRlc1wvMlwvMjAxOFwvMDRcL3JhZG5vdGlfNTAxODkuanBnIiwic2xpZGVzaG93IjoiMjY1ZGNiYyJ9\" href='https:\/\/www.csepelivaroskep.hu\/radnoti\/wp-content\/uploads\/sites\/2\/2018\/04\/radnoti_50189.jpg' rel=\"wpdevart_lightbox\"><img width=\"300\" height=\"200\" src=\"https:\/\/www.csepelivaroskep.hu\/radnoti\/wp-content\/uploads\/sites\/2\/2018\/04\/radnoti_50189-300x200.jpg\" class=\"attachment-medium size-medium\" alt=\"\" loading=\"lazy\" srcset=\"https:\/\/www.csepelivaroskep.hu\/radnoti\/wp-content\/uploads\/sites\/2\/2018\/04\/radnoti_50189-300x200.jpg 300w, https:\/\/www.csepelivaroskep.hu\/radnoti\/wp-content\/uploads\/sites\/2\/2018\/04\/radnoti_50189-768x512.jpg 768w, https:\/\/www.csepelivaroskep.hu\/radnoti\/wp-content\/uploads\/sites\/2\/2018\/04\/radnoti_50189.jpg 1000w\" sizes=\"(max-width: 300px) 100vw, 300px\" \/><\/a>\n\t\t\t<\/div><\/figure><figure class='gallery-item'>\n\t\t\t<div class='gallery-icon landscape'>\n\t\t\t\t<a data-elementor-open-lightbox=\"yes\" data-elementor-lightbox-slideshow=\"265dcbc\" data-elementor-lightbox-title=\"TBE_6286\" data-e-action-hash=\"#elementor-action%3Aaction%3Dlightbox%26settings%3DeyJpZCI6OTEsInVybCI6Imh0dHBzOlwvXC93d3cuY3NlcGVsaXZhcm9za2VwLmh1XC9yYWRub3RpXC93cC1jb250ZW50XC91cGxvYWRzXC9zaXRlc1wvMlwvMjAxOFwvMDRcL1RCRV82Mjg2LmpwZyIsInNsaWRlc2hvdyI6IjI2NWRjYmMifQ%3D%3D\" href='https:\/\/www.csepelivaroskep.hu\/radnoti\/wp-content\/uploads\/sites\/2\/2018\/04\/TBE_6286.jpg' rel=\"wpdevart_lightbox\"><img width=\"300\" height=\"200\" src=\"https:\/\/www.csepelivaroskep.hu\/radnoti\/wp-content\/uploads\/sites\/2\/2018\/04\/TBE_6286-300x200.jpg\" class=\"attachment-medium size-medium\" alt=\"\" loading=\"lazy\" srcset=\"https:\/\/www.csepelivaroskep.hu\/radnoti\/wp-content\/uploads\/sites\/2\/2018\/04\/TBE_6286-300x200.jpg 300w, https:\/\/www.csepelivaroskep.hu\/radnoti\/wp-content\/uploads\/sites\/2\/2018\/04\/TBE_6286-768x511.jpg 768w, https:\/\/www.csepelivaroskep.hu\/radnoti\/wp-content\/uploads\/sites\/2\/2018\/04\/TBE_6286.jpg 1024w\" sizes=\"(max-width: 300px) 100vw, 300px\" \/><\/a>\n\t\t\t<\/div><\/figure>\n\t\t<\/div>\n\t\t<\/div>\n\t\t\t\t<\/div>\n\t\t\t\t<\/div>\n\t\t\t\t\t\t<\/div>\n\t\t\t\t\t<\/div>\n\t\t<\/div>\n\t\t\t\t\t\t\t\t<\/div>\n\t\t\t\t\t<\/div>\n\t\t<\/section>\n\t\t\t\t<section class=\"elementor-section elementor-top-section elementor-element elementor-element-ae472ce elementor-section-boxed elementor-section-height-default elementor-section-height-default\" data-id=\"ae472ce\" data-element_type=\"section\">\n\t\t\t\t\t\t<div class=\"elementor-container elementor-column-gap-default\">\n\t\t\t\t\t\t\t<div class=\"elementor-row\">\n\t\t\t\t\t<div class=\"elementor-column elementor-col-100 elementor-top-column elementor-element elementor-element-f122cc5\" data-id=\"f122cc5\" data-element_type=\"column\">\n\t\t\t<div class=\"elementor-column-wrap elementor-element-populated\">\n\t\t\t\t\t\t\t<div class=\"elementor-widget-wrap\">\n\t\t\t\t\t\t<div class=\"elementor-element elementor-element-87c5c1b elementor-widget elementor-widget-text-editor\" data-id=\"87c5c1b\" data-element_type=\"widget\" data-widget_type=\"text-editor.default\">\n\t\t\t\t<div class=\"elementor-widget-container\">\n\t\t\t\t\t\t\t\t<div class=\"elementor-text-editor elementor-clearfix\">\n\t\t\t\t<p><strong><a href=\"http:\/\/www.csepelivaroskep.hu\/radnoti\/wp-content\/uploads\/sites\/2\/2018\/04\/h\u00e1zirend-2017.pdf\">H\u00e1zirend<\/a><\/strong><\/p>\t\t\t\t\t<\/div>\n\t\t\t\t\t\t<\/div>\n\t\t\t\t<\/div>\n\t\t\t\t\t\t<\/div>\n\t\t\t\t\t<\/div>\n\t\t<\/div>\n\t\t\t\t\t\t\t\t<\/div>\n\t\t\t\t\t<\/div>\n\t\t<\/section>\n\t\t\t\t<section class=\"elementor-section elementor-top-section elementor-element elementor-element-03a5c72 elementor-section-boxed elementor-section-height-default elementor-section-height-default\" data-id=\"03a5c72\" data-element_type=\"section\">\n\t\t\t\t\t\t<div class=\"elementor-container elementor-column-gap-default\">\n\t\t\t\t\t\t\t<div class=\"elementor-row\">\n\t\t\t\t\t<div class=\"elementor-column elementor-col-100 elementor-top-column elementor-element elementor-element-c499c9f\" data-id=\"c499c9f\" data-element_type=\"column\">\n\t\t\t<div class=\"elementor-column-wrap elementor-element-populated\">\n\t\t\t\t\t\t\t<div class=\"elementor-widget-wrap\">\n\t\t\t\t\t\t<div class=\"elementor-element elementor-element-7709fd9 elementor-widget elementor-widget-video\" data-id=\"7709fd9\" data-element_type=\"widget\" data-settings=\"{&quot;youtube_url&quot;:&quot;https:\\\/\\\/www.youtube.com\\\/watch?v=D6djIJmMU5I&quot;,&quot;video_type&quot;:&quot;youtube&quot;,&quot;controls&quot;:&quot;yes&quot;}\" data-widget_type=\"video.default\">\n\t\t\t\t<div class=\"elementor-widget-container\">\n\t\t\t\t\t<div class=\"elementor-wrapper elementor-open-inline\">\n\t\t\t<div class=\"elementor-video\"><\/div>\t\t<\/div>\n\t\t\t\t<\/div>\n\t\t\t\t<\/div>\n\t\t\t\t\t\t<\/div>\n\t\t\t\t\t<\/div>\n\t\t<\/div>\n\t\t\t\t\t\t\t\t<\/div>\n\t\t\t\t\t<\/div>\n\t\t<\/section>\n\t\t\t\t<section class=\"elementor-section elementor-top-section elementor-element elementor-element-02b71e4 elementor-section-boxed elementor-section-height-default elementor-section-height-default\" data-id=\"02b71e4\" data-element_type=\"section\">\n\t\t\t\t\t\t<div class=\"elementor-container elementor-column-gap-default\">\n\t\t\t\t\t\t\t<div class=\"elementor-row\">\n\t\t\t\t\t<div class=\"elementor-column elementor-col-100 elementor-top-column elementor-element elementor-element-1d6d0e0\" data-id=\"1d6d0e0\" data-element_type=\"column\">\n\t\t\t<div class=\"elementor-column-wrap elementor-element-populated\">\n\t\t\t\t\t\t\t<div class=\"elementor-widget-wrap\">\n\t\t\t\t\t\t<div class=\"elementor-element elementor-element-6640e0f elementor-widget elementor-widget-video\" data-id=\"6640e0f\" data-element_type=\"widget\" data-settings=\"{&quot;youtube_url&quot;:&quot;https:\\\/\\\/www.youtube.com\\\/watch?v=aqD6Cq_ci-E&quot;,&quot;video_type&quot;:&quot;youtube&quot;,&quot;controls&quot;:&quot;yes&quot;}\" data-widget_type=\"video.default\">\n\t\t\t\t<div class=\"elementor-widget-container\">\n\t\t\t\t\t<div class=\"elementor-wrapper elementor-open-inline\">\n\t\t\t<div class=\"elementor-video\"><\/div>\t\t<\/div>\n\t\t\t\t<\/div>\n\t\t\t\t<\/div>\n\t\t\t\t\t\t<\/div>\n\t\t\t\t\t<\/div>\n\t\t<\/div>\n\t\t\t\t\t\t\t\t<\/div>\n\t\t\t\t\t<\/div>\n\t\t<\/section>\n\t\t\t\t<section class=\"elementor-section elementor-top-section elementor-element elementor-element-330a438 elementor-section-boxed elementor-section-height-default elementor-section-height-default\" data-id=\"330a438\" data-element_type=\"section\">\n\t\t\t\t\t\t<div class=\"elementor-container elementor-column-gap-default\">\n\t\t\t\t\t\t\t<div class=\"elementor-row\">\n\t\t\t\t\t<div class=\"elementor-column elementor-col-100 elementor-top-column elementor-element elementor-element-d1753db\" data-id=\"d1753db\" data-element_type=\"column\">\n\t\t\t<div class=\"elementor-column-wrap elementor-element-populated\">\n\t\t\t\t\t\t\t<div class=\"elementor-widget-wrap\">\n\t\t\t\t\t\t<div class=\"elementor-element elementor-element-f7312c9 elementor-widget elementor-widget-video\" data-id=\"f7312c9\" data-element_type=\"widget\" data-settings=\"{&quot;youtube_url&quot;:&quot;https:\\\/\\\/youtu.be\\\/rB5Kp6O-MX0&quot;,&quot;video_type&quot;:&quot;youtube&quot;,&quot;controls&quot;:&quot;yes&quot;}\" data-widget_type=\"video.default\">\n\t\t\t\t<div class=\"elementor-widget-container\">\n\t\t\t\t\t<div class=\"elementor-wrapper elementor-open-inline\">\n\t\t\t<div class=\"elementor-video\"><\/div>\t\t<\/div>\n\t\t\t\t<\/div>\n\t\t\t\t<\/div>\n\t\t\t\t\t\t<\/div>\n\t\t\t\t\t<\/div>\n\t\t<\/div>\n\t\t\t\t\t\t\t\t<\/div>\n\t\t\t\t\t<\/div>\n\t\t<\/section>\n\t\t\t\t<section class=\"elementor-section elementor-top-section elementor-element elementor-element-fdb31e2 elementor-section-boxed elementor-section-height-default elementor-section-height-default\" data-id=\"fdb31e2\" data-element_type=\"section\">\n\t\t\t\t\t\t<div class=\"elementor-container elementor-column-gap-default\">\n\t\t\t\t\t\t\t<div class=\"elementor-row\">\n\t\t\t\t\t<div class=\"elementor-column elementor-col-100 elementor-top-column elementor-element elementor-element-c309a66\" data-id=\"c309a66\" data-element_type=\"column\">\n\t\t\t<div class=\"elementor-column-wrap elementor-element-populated\">\n\t\t\t\t\t\t\t<div class=\"elementor-widget-wrap\">\n\t\t\t\t\t\t<div class=\"elementor-element elementor-element-e944b6b elementor-widget elementor-widget-video\" data-id=\"e944b6b\" data-element_type=\"widget\" data-settings=\"{&quot;youtube_url&quot;:&quot;https:\\\/\\\/www.youtube.com\\\/watch?v=oZs9ZOmJ34s&quot;,&quot;video_type&quot;:&quot;youtube&quot;,&quot;controls&quot;:&quot;yes&quot;}\" data-widget_type=\"video.default\">\n\t\t\t\t<div class=\"elementor-widget-container\">\n\t\t\t\t\t<div class=\"elementor-wrapper elementor-open-inline\">\n\t\t\t<div class=\"elementor-video\"><\/div>\t\t<\/div>\n\t\t\t\t<\/div>\n\t\t\t\t<\/div>\n\t\t\t\t\t\t<\/div>\n\t\t\t\t\t<\/div>\n\t\t<\/div>\n\t\t\t\t\t\t\t\t<\/div>\n\t\t\t\t\t<\/div>\n\t\t<\/section>\n\t\t\t\t\t\t\t\t\t<\/div>\n\t\t\t<\/div>\n\t\t\t\t\t<\/div>\n\t\t","protected":false},"excerpt":{"rendered":"<p>A Radn\u00f3ti Mikl\u00f3s M\u0171vel\u0151d\u00e9si H\u00e1z tev\u00e9kenys\u00e9g\u00e9vel meghat\u00e1roz\u00f3 szerepet t\u00f6lt be a ker\u00fclet k\u00f6zm\u0171vel\u0151d\u00e9s\u00e9ben 1963 \u00f3ta. Alkalmazkodik k\u00f6zvetlen k\u00f6rnyezete m\u0171vel\u0151d\u00e9si ig\u00e9nyeihez, elv\u00e1r\u00e1saihoz. Az elm\u00falt \u00e9vek alatt sz\u00e1mos m\u0171v\u00e9szeti csoportnak, tanfolyamnak adtunk otthont, megannyi szabadid\u0151s \u00e9s sz\u00f3rakoztat\u00f3 rendezv\u00e9nynek voltunk h\u00e1zigazd\u00e1i. A m\u0171vel\u0151d\u00e9si h\u00e1zban igen sokr\u00e9t\u0171 \u00e9s v\u00e1ltozatos programok v\u00e1rj\u00e1k a vend\u00e9geket. M\u0171sorszerkezet\u00e9ben \u2013 a helyi saj\u00e1toss\u00e1gokat figyelembe [&hellip;]<\/p>\n","protected":false},"author":1,"featured_media":81,"parent":0,"menu_order":0,"comment_status":"closed","ping_status":"closed","template":"","meta":[],"acf":[],"_links":{"self":[{"href":"https:\/\/www.csepelivaroskep.hu\/radnoti\/wp-json\/wp\/v2\/pages\/24"}],"collection":[{"href":"https:\/\/www.csepelivaroskep.hu\/radnoti\/wp-json\/wp\/v2\/pages"}],"about":[{"href":"https:\/\/www.csepelivaroskep.hu\/radnoti\/wp-json\/wp\/v2\/types\/page"}],"author":[{"embeddable":true,"href":"https:\/\/www.csepelivaroskep.hu\/radnoti\/wp-json\/wp\/v2\/users\/1"}],"replies":[{"embeddable":true,"href":"https:\/\/www.csepelivaroskep.hu\/radnoti\/wp-json\/wp\/v2\/comments?post=24"}],"version-history":[{"count":28,"href":"https:\/\/www.csepelivaroskep.hu\/radnoti\/wp-json\/wp\/v2\/pages\/24\/revisions"}],"predecessor-version":[{"id":1034,"href":"https:\/\/www.csepelivaroskep.hu\/radnoti\/wp-json\/wp\/v2\/pages\/24\/revisions\/1034"}],"wp:featuredmedia":[{"embeddable":true,"href":"https:\/\/www.csepelivaroskep.hu\/radnoti\/wp-json\/wp\/v2\/media\/81"}],"wp:attachment":[{"href":"https:\/\/www.csepelivaroskep.hu\/radnoti\/wp-json\/wp\/v2\/media?parent=24"}],"curies":[{"name":"wp","href":"https:\/\/api.w.org\/{rel}","templated":true}]}}