{"id":16,"date":"2018-02-11T14:00:30","date_gmt":"2018-02-11T14:00:30","guid":{"rendered":"http:\/\/www.csepelivaroskep.hu\/szabomagda\/kapcsolat\/"},"modified":"2019-06-13T11:21:35","modified_gmt":"2019-06-13T11:21:35","slug":"kapcsolat","status":"publish","type":"page","link":"https:\/\/www.csepelivaroskep.hu\/szabomagda\/kapcsolat\/","title":{"rendered":"Kapcsolat"},"content":{"rendered":"\t\t<div data-elementor-type=\"wp-post\" data-elementor-id=\"16\" class=\"elementor elementor-16\">\n\t\t\t\t\t\t<div class=\"elementor-inner\">\n\t\t\t\t<div class=\"elementor-section-wrap\">\n\t\t\t\t\t\t\t\t\t<section class=\"elementor-section elementor-top-section elementor-element elementor-element-2d0e0600 elementor-section-boxed elementor-section-height-default elementor-section-height-default\" data-id=\"2d0e0600\" data-element_type=\"section\">\n\t\t\t\t\t\t<div class=\"elementor-container elementor-column-gap-default\">\n\t\t\t\t\t\t\t<div class=\"elementor-row\">\n\t\t\t\t\t<div class=\"elementor-column elementor-col-100 elementor-top-column elementor-element elementor-element-2deb68ed\" data-id=\"2deb68ed\" data-element_type=\"column\">\n\t\t\t<div class=\"elementor-column-wrap elementor-element-populated\">\n\t\t\t\t\t\t\t<div class=\"elementor-widget-wrap\">\n\t\t\t\t\t\t<section class=\"elementor-section elementor-inner-section elementor-element elementor-element-40f4ded elementor-section-height-min-height elementor-section-boxed elementor-section-height-default\" data-id=\"40f4ded\" data-element_type=\"section\">\n\t\t\t\t\t\t<div class=\"elementor-container elementor-column-gap-default\">\n\t\t\t\t\t\t\t<div class=\"elementor-row\">\n\t\t\t\t\t<div class=\"elementor-column elementor-col-33 elementor-inner-column elementor-element elementor-element-426cfa4c\" data-id=\"426cfa4c\" data-element_type=\"column\">\n\t\t\t<div class=\"elementor-column-wrap elementor-element-populated\">\n\t\t\t\t\t\t\t<div class=\"elementor-widget-wrap\">\n\t\t\t\t\t\t<div class=\"elementor-element elementor-element-283576d2 elementor-widget elementor-widget-heading\" data-id=\"283576d2\" data-element_type=\"widget\" data-widget_type=\"heading.default\">\n\t\t\t\t<div class=\"elementor-widget-container\">\n\t\t\t<h2 class=\"elementor-heading-title elementor-size-default\">El\u00e9rhet\u0151s\u00e9gek<\/h2>\t\t<\/div>\n\t\t\t\t<\/div>\n\t\t\t\t<div class=\"elementor-element elementor-element-43796076 elementor-widget elementor-widget-text-editor\" data-id=\"43796076\" data-element_type=\"widget\" data-widget_type=\"text-editor.default\">\n\t\t\t\t<div class=\"elementor-widget-container\">\n\t\t\t\t\t\t\t\t<div class=\"elementor-text-editor elementor-clearfix\">\n\t\t\t\t<p>Szab\u00f3 Magda K\u00f6z\u00f6ss\u00e9gi T\u00e9r<br \/>1214 Budapest, Simon Boliv\u00e1r s\u00e9t\u00e1ny 4-8.<\/p><p>Tel: <a href=\"tel:+3613554032\">+36 1 355 4032<\/a><\/p><p>Email:\u00a0<br \/><a href=\"mailto:szm.iroda@csepelivaroskep.hu\">szm.iroda@csepelivaroskep.hu<\/a><br \/><a href=\"mailto:szmagda.iroda@gmail.com\">szmagda.iroda@gmail.com<\/a><\/p>\t\t\t\t\t<\/div>\n\t\t\t\t\t\t<\/div>\n\t\t\t\t<\/div>\n\t\t\t\t<div class=\"elementor-element elementor-element-aaaae23 elementor-widget elementor-widget-wp-widget-fbw_id\" data-id=\"aaaae23\" data-element_type=\"widget\" data-widget_type=\"wp-widget-fbw_id.default\">\n\t\t\t\t<div class=\"elementor-widget-container\">\n\t\t\t<h5>K\u00f6vessen minket Facebookon<\/h5>        <div class=\"fb-widget-container\" style=\"position: relative; min-height: 500px;\">\n            <div class=\"fb_loader\" style=\"text-align: center !important;\">\n                <img src=\"https:\/\/www.csepelivaroskep.hu\/szabomagda\/wp-content\/plugins\/facebook-pagelike-widget\/assets\/images\/loader.gif\" alt=\"Loading...\" \/>\n            <\/div>\n\n            <div id=\"fb-root\"><\/div>\n            <div class=\"fb-page\"\n                data-href=\"https:\/\/www.facebook.com\/szabomagdakozossegiter\/\"\n                data-width=\"300\"\n                data-height=\"500\"\n                data-small-header=\"true\"\n                data-adapt-container-width=\"true\"\n                data-hide-cover=\"false\"\n                data-show-facepile=\"false\"\n                data-tabs=\"timeline\"\n                data-lazy=\"false\"\n                data-xfbml-parse-ignore=\"false\">\n            <\/div>\n        <\/div>\n        \t\t<\/div>\n\t\t\t\t<\/div>\n\t\t\t\t\t\t<\/div>\n\t\t\t\t\t<\/div>\n\t\t<\/div>\n\t\t\t\t<div class=\"elementor-column elementor-col-66 elementor-inner-column elementor-element elementor-element-5ec6a6b3\" data-id=\"5ec6a6b3\" data-element_type=\"column\">\n\t\t\t<div class=\"elementor-column-wrap elementor-element-populated\">\n\t\t\t\t\t\t\t<div class=\"elementor-widget-wrap\">\n\t\t\t\t\t\t<div class=\"elementor-element elementor-element-26ede792 elementor-widget elementor-widget-google_maps\" data-id=\"26ede792\" data-element_type=\"widget\" data-widget_type=\"google_maps.default\">\n\t\t\t\t<div class=\"elementor-widget-container\">\n\t\t\t\t\t<div class=\"elementor-custom-embed\">\n\t\t\t<iframe loading=\"lazy\"\n\t\t\t\t\tsrc=\"https:\/\/maps.google.com\/maps?q=1214%20Budapest%2C%20Simon%20Boliv%C3%A1r%20s%C3%A9t%C3%A1ny%204-8.&#038;t=m&#038;z=15&#038;output=embed&#038;iwloc=near\"\n\t\t\t\t\ttitle=\"1214 Budapest, Simon Boliv\u00e1r s\u00e9t\u00e1ny 4-8.\"\n\t\t\t\t\taria-label=\"1214 Budapest, Simon Boliv\u00e1r s\u00e9t\u00e1ny 4-8.\"\n\t\t\t><\/iframe>\n\t\t<\/div>\n\t\t\t\t<\/div>\n\t\t\t\t<\/div>\n\t\t\t\t<div class=\"elementor-element elementor-element-388053c elementor-button-warning elementor-align-center elementor-widget elementor-widget-button\" data-id=\"388053c\" data-element_type=\"widget\" data-widget_type=\"button.default\">\n\t\t\t\t<div class=\"elementor-widget-container\">\n\t\t\t\t\t<div class=\"elementor-button-wrapper\">\n\t\t\t<a href=\"\/hirlevel-feliratkozas\" class=\"elementor-button-link elementor-button elementor-size-lg\" role=\"button\">\n\t\t\t\t\t\t<span class=\"elementor-button-content-wrapper\">\n\t\t\t\t\t\t<span class=\"elementor-button-text\">Felirakoz\u00e1s a h\u00edrlev\u00e9lre<\/span>\n\t\t<\/span>\n\t\t\t\t\t<\/a>\n\t\t<\/div>\n\t\t\t\t<\/div>\n\t\t\t\t<\/div>\n\t\t\t\t\t\t<\/div>\n\t\t\t\t\t<\/div>\n\t\t<\/div>\n\t\t\t\t\t\t\t\t<\/div>\n\t\t\t\t\t<\/div>\n\t\t<\/section>\n\t\t\t\t\t\t<\/div>\n\t\t\t\t\t<\/div>\n\t\t<\/div>\n\t\t\t\t\t\t\t\t<\/div>\n\t\t\t\t\t<\/div>\n\t\t<\/section>\n\t\t\t\t<section class=\"elementor-section elementor-top-section elementor-element elementor-element-01456c8 elementor-section-boxed elementor-section-height-default elementor-section-height-default\" data-id=\"01456c8\" data-element_type=\"section\">\n\t\t\t\t\t\t<div class=\"elementor-container elementor-column-gap-default\">\n\t\t\t\t\t\t\t<div class=\"elementor-row\">\n\t\t\t\t\t<div class=\"elementor-column elementor-col-50 elementor-top-column elementor-element elementor-element-fd56791\" data-id=\"fd56791\" data-element_type=\"column\">\n\t\t\t<div class=\"elementor-column-wrap elementor-element-populated\">\n\t\t\t\t\t\t\t<div class=\"elementor-widget-wrap\">\n\t\t\t\t\t\t<div class=\"elementor-element elementor-element-fe3f935 elementor-widget elementor-widget-text-editor\" data-id=\"fe3f935\" data-element_type=\"widget\" data-widget_type=\"text-editor.default\">\n\t\t\t\t<div class=\"elementor-widget-container\">\n\t\t\t\t\t\t\t\t<div class=\"elementor-text-editor elementor-clearfix\">\n\t\t\t\t<p style=\"text-align: center;\"><strong>Megk\u00f6zel\u00edthet\u0151s\u00e9g:<\/strong><\/p><p><span style=\"text-decoration: underline;\">Keleti p\u00e1lyaudvar fel\u0151l:<br \/><\/span>4-es Metr\u00f3 \u2013 F\u0151v\u00e1m t\u00e9r meg\u00e1ll\u00f3 \u2013 onnan a 2-es villamossal a Bor\u00e1ros t\u00e9rig &#8211; onnan a H7-es h\u00e9vvel a v\u00e9g\u00e1llom\u00e1sig.<\/p><p><em>VAGY<\/em> a F\u0151bej\u00e1ratt\u00f3l balra indul\u00f3 24-es villamossal a Milleniumi Kultur\u00e1lis K\u00f6zpont meg\u00e1ll\u00f3ig, a M\u0171v\u00e9szetek Palot\u00e1ja el\u0151tt \u00e1ts\u00e9t\u00e1lva a H7-es H\u00c9V Duna fel\u0151li meg\u00e1ll\u00f3j\u00e1t\u00f3l Csepel v\u00e9g\u00e1llom\u00e1sig.<\/p><p><span style=\"text-decoration: underline;\">Kelenf\u00f6ldi p\u00e1lyaudvar fel\u0151l:<br \/><\/span>4-es Metr\u00f3 \u2013 F\u0151v\u00e1m t\u00e9r meg\u00e1ll\u00f3 &#8211; onnan a 2-es villamossal a Bor\u00e1ros t\u00e9rig \u2013 onnan a H7-es h\u00e9vvel a v\u00e9g\u00e1llom\u00e1sig.<\/p><p><em>VAGY<\/em> a 103-as aut\u00f3busszal az Etele \u00fat \/ Feh\u00e9rv\u00e1ri \u00fat vagy a Hengermalom \u00fat \/ Szer\u00e9mi \u00fat meg\u00e1ll\u00f3ig, ott \u00e1tsz\u00e1llva az 1-es villamosra a K\u00f6zv\u00e1g\u00f3h\u00edd meg\u00e1ll\u00f3ig. (A busz \u00e9s a villamos egy vonaljeggyel ig\u00e9nybe vehet\u0151.) A R\u00e1k\u00f3czi-h\u00edd pesti h\u00eddf\u0151je \u00e9s a M\u0171v\u00e9szetek Palot\u00e1ja k\u00f6z\u00f6tt els\u00e9t\u00e1lva a H7-es H\u00c9V Duna fel\u0151li meg\u00e1ll\u00f3j\u00e1t\u00f3l Csepel v\u00e9g\u00e1llom\u00e1sig.<\/p><p><span style=\"text-decoration: underline;\">Nyugati p\u00e1lyaudvar fel\u0151l:<br \/><\/span>A p\u00e1lyaudvarral szemk\u00f6zti meg\u00e1ll\u00f3b\u00f3l indul\u00f3 4-6-os jelz\u00e9s\u0171 villamossal Bor\u00e1ros t\u00e9rig. Onnan H7-es H\u00c9V-vel Csepel v\u00e9g\u00e1llom\u00e1sig.<\/p><p><span style=\"text-decoration: underline;\">\u00c1rp\u00e1d-h\u00edd, Stadionok \u00e9s N\u00e9pliget aut\u00f3busz p\u00e1lyaudvarokr\u00f3l:<br \/><\/span>Mindh\u00e1rom p\u00e1lyaudvarr\u00f3l az 1-es villamossal a K\u00f6zv\u00e1g\u00f3h\u00edd meg\u00e1ll\u00f3ig. A R\u00e1k\u00f3czi-h\u00edd pesti h\u00eddf\u0151je \u00e9s a M\u0171v\u00e9szetek Palot\u00e1ja k\u00f6z\u00f6tt els\u00e9t\u00e1lva a H7-es H\u00c9V Duna fel\u0151li meg\u00e1ll\u00f3j\u00e1t\u00f3l Csepel v\u00e9g\u00e1llom\u00e1sig.<\/p><p><strong>\u00a0A H\u00c9V v\u00e9g\u00e1llom\u00e1st\u00f3l gyalog az \u00e9p\u00fcletig \u2013 \u00f6t perces s\u00e9ta.<\/strong><\/p><p>A H\u00c9V-r\u0151l lesz\u00e1llva a be\u00e9rkez\u00e9si ir\u00e1ny fel\u00e9 gyalogos \u00e1tkel\u0151 a s\u00edneken, majd jobbra k\u00f6vetve a s\u00ednek melletti kis utc\u00e1t a l\u00e1mp\u00e1s keresztez\u0151d\u00e9sig, azon \u00e1tkelve a szemk\u00f6zti t\u00edzemeletes panel lak\u00f3h\u00e1zak m\u00f6g\u00f6tti park k\u00f6zep\u00e9n \u00e1ll az int\u00e9zm\u00e9ny\u00fcnk \u00e9p\u00fclete.<\/p>\t\t\t\t\t<\/div>\n\t\t\t\t\t\t<\/div>\n\t\t\t\t<\/div>\n\t\t\t\t\t\t<\/div>\n\t\t\t\t\t<\/div>\n\t\t<\/div>\n\t\t\t\t<div class=\"elementor-column elementor-col-50 elementor-top-column elementor-element elementor-element-c09dedb\" data-id=\"c09dedb\" data-element_type=\"column\">\n\t\t\t<div class=\"elementor-column-wrap elementor-element-populated\">\n\t\t\t\t\t\t\t<div class=\"elementor-widget-wrap\">\n\t\t\t\t\t\t<div class=\"elementor-element elementor-element-04703b4 elementor-widget elementor-widget-image\" data-id=\"04703b4\" data-element_type=\"widget\" data-widget_type=\"image.default\">\n\t\t\t\t<div class=\"elementor-widget-container\">\n\t\t\t\t\t\t\t\t<div class=\"elementor-image\">\n\t\t\t\t\t\t\t\t\t\t\t\t<img width=\"611\" height=\"1024\" src=\"https:\/\/www.csepelivaroskep.hu\/szabomagda\/wp-content\/uploads\/sites\/4\/2018\/05\/SzM_terkep-611x1024.jpg\" class=\"attachment-large size-large wp-image-62\" alt=\"\" loading=\"lazy\" srcset=\"https:\/\/www.csepelivaroskep.hu\/szabomagda\/wp-content\/uploads\/sites\/4\/2018\/05\/SzM_terkep-611x1024.jpg 611w, https:\/\/www.csepelivaroskep.hu\/szabomagda\/wp-content\/uploads\/sites\/4\/2018\/05\/SzM_terkep-179x300.jpg 179w, https:\/\/www.csepelivaroskep.hu\/szabomagda\/wp-content\/uploads\/sites\/4\/2018\/05\/SzM_terkep.jpg 620w\" sizes=\"(max-width: 611px) 100vw, 611px\" \/>\t\t\t\t\t\t\t\t\t\t\t\t\t\t<\/div>\n\t\t\t\t\t\t<\/div>\n\t\t\t\t<\/div>\n\t\t\t\t\t\t<\/div>\n\t\t\t\t\t<\/div>\n\t\t<\/div>\n\t\t\t\t\t\t\t\t<\/div>\n\t\t\t\t\t<\/div>\n\t\t<\/section>\n\t\t\t\t\t\t\t\t\t<\/div>\n\t\t\t<\/div>\n\t\t\t\t\t<\/div>\n\t\t","protected":false},"excerpt":{"rendered":"<p>El\u00e9rhet\u0151s\u00e9gek Szab\u00f3 Magda K\u00f6z\u00f6ss\u00e9gi T\u00e9r 1214 Budapest, Simon Boliv\u00e1r s\u00e9t\u00e1ny 4-8. Tel: +36 1 355 4032 Email:&nbsp; szm.iroda@csepelivaroskep.hu szmagda.iroda@gmail.com Felirakoz\u00e1s a h\u00edrlev\u00e9lre Megk\u00f6zel\u00edthet\u0151s\u00e9g: Keleti p\u00e1lyaudvar fel\u0151l: 4-es Metr\u00f3 \u2013 F\u0151v\u00e1m t\u00e9r meg\u00e1ll\u00f3 \u2013 onnan a 2-es villamossal a Bor\u00e1ros t\u00e9rig &#8211; onnan a H7-es h\u00e9vvel a v\u00e9g\u00e1llom\u00e1sig. VAGY a F\u0151bej\u00e1ratt\u00f3l balra indul\u00f3 24-es villamossal a [&hellip;]<\/p>\n","protected":false},"author":1,"featured_media":64,"parent":0,"menu_order":0,"comment_status":"closed","ping_status":"closed","template":"page-contact.php","meta":[],"acf":[],"_links":{"self":[{"href":"https:\/\/www.csepelivaroskep.hu\/szabomagda\/wp-json\/wp\/v2\/pages\/16"}],"collection":[{"href":"https:\/\/www.csepelivaroskep.hu\/szabomagda\/wp-json\/wp\/v2\/pages"}],"about":[{"href":"https:\/\/www.csepelivaroskep.hu\/szabomagda\/wp-json\/wp\/v2\/types\/page"}],"author":[{"embeddable":true,"href":"https:\/\/www.csepelivaroskep.hu\/szabomagda\/wp-json\/wp\/v2\/users\/1"}],"replies":[{"embeddable":true,"href":"https:\/\/www.csepelivaroskep.hu\/szabomagda\/wp-json\/wp\/v2\/comments?post=16"}],"version-history":[{"count":18,"href":"https:\/\/www.csepelivaroskep.hu\/szabomagda\/wp-json\/wp\/v2\/pages\/16\/revisions"}],"predecessor-version":[{"id":767,"href":"https:\/\/www.csepelivaroskep.hu\/szabomagda\/wp-json\/wp\/v2\/pages\/16\/revisions\/767"}],"wp:featuredmedia":[{"embeddable":true,"href":"https:\/\/www.csepelivaroskep.hu\/szabomagda\/wp-json\/wp\/v2\/media\/64"}],"wp:attachment":[{"href":"https:\/\/www.csepelivaroskep.hu\/szabomagda\/wp-json\/wp\/v2\/media?parent=16"}],"curies":[{"name":"wp","href":"https:\/\/api.w.org\/{rel}","templated":true}]}}